{"id":2950,"date":"2023-08-01T11:16:26","date_gmt":"2023-08-01T15:16:26","guid":{"rendered":"https:\/\/savariastairlift.com\/warranty\/"},"modified":"2025-04-29T10:00:58","modified_gmt":"2025-04-29T14:00:58","slug":"warranty","status":"publish","type":"page","link":"https:\/\/savariastairlift.com\/fr\/warranty\/","title":{"rendered":"Garantie"},"content":{"rendered":"\t\t<div data-elementor-type=\"wp-page\" data-elementor-id=\"2950\" class=\"elementor elementor-2950 elementor-783\" data-elementor-post-type=\"page\">\n\t\t\t\t<div class=\"elementor-element elementor-element-c3aed4b e-flex e-con-boxed e-con e-parent\" data-id=\"c3aed4b\" data-element_type=\"container\" data-e-type=\"container\">\n\t\t\t\t\t<div class=\"e-con-inner\">\n\t\t<div class=\"elementor-element elementor-element-8c78f76 e-con-full e-flex e-con e-child\" data-id=\"8c78f76\" data-element_type=\"container\" data-e-type=\"container\">\n\t\t\t\t<div class=\"elementor-element elementor-element-edf8354 elementor-widget elementor-widget-heading\" data-id=\"edf8354\" data-element_type=\"widget\" data-e-type=\"widget\" data-widget_type=\"heading.default\">\n\t\t\t\t<div class=\"elementor-widget-container\">\n\t\t\t\t\t<h1 class=\"elementor-heading-title elementor-size-default\">Nous garantissons nos produits<\/h1>\t\t\t\t<\/div>\n\t\t\t\t<\/div>\n\t\t\t\t<div class=\"elementor-element elementor-element-dff2967 elementor-widget elementor-widget-text-editor\" data-id=\"dff2967\" data-element_type=\"widget\" data-e-type=\"widget\" data-widget_type=\"text-editor.default\">\n\t\t\t\t<div class=\"elementor-widget-container\">\n\t\t\t\t\t\t\t\t\t<p>Personne n&rsquo;est parfait. Peu importe \u00e0 quel point les produits d&rsquo;accessibilit\u00e9 r\u00e9sidentielle Savaria sont bien con\u00e7us, robustes et soigneusement install\u00e9s, un petit d\u00e9faut peut parfois survenir.<\/p><p>Restez tranquille. Nous vous couvrons. Chaque produit que nous vendons est accompagn\u00e9 d&rsquo;une garantie de pi\u00e8ces du fabricant. Votre expert local en accessibilit\u00e9 r\u00e9sidentielle Savaria peut \u00e9galement offrir une couverture suppl\u00e9mentaire.<\/p><p>Pour aider \u00e0 prolonger la dur\u00e9e de vie de votre produit Savaria, suivez toujours le calendrier d&rsquo;entretien recommand\u00e9 dans votre manuel du propri\u00e9taire et faites toujours r\u00e9aliser les travaux de service et de r\u00e9paration par un distributeur Savaria form\u00e9 et autoris\u00e9. Les r\u00e9parations effectu\u00e9es par vous-m\u00eame peuvent annuler votre garantie.<\/p><p>Veuillez noter que les unit\u00e9s install\u00e9es \u00e0 l&rsquo;ext\u00e9rieur et expos\u00e9es aux \u00e9l\u00e9ments n\u00e9cessiteront un entretien plus fr\u00e9quent pour un rendement optimal.<\/p>\t\t\t\t\t\t\t\t<\/div>\n\t\t\t\t<\/div>\n\t\t\t\t<\/div>\n\t\t<div class=\"elementor-element elementor-element-3fc023d e-con-full e-flex e-con e-child\" data-id=\"3fc023d\" data-element_type=\"container\" data-e-type=\"container\">\n\t\t\t\t<div class=\"elementor-element elementor-element-8e2822d elementor-widget elementor-widget-image\" data-id=\"8e2822d\" data-element_type=\"widget\" data-e-type=\"widget\" data-widget_type=\"image.default\">\n\t\t\t\t<div class=\"elementor-widget-container\">\n\t\t\t\t\t\t\t\t\t\t\t\t\t\t\t<img fetchpriority=\"high\" decoding=\"async\" width=\"800\" height=\"587\" src=\"https:\/\/savariastairlift.com\/wp-content\/uploads\/2023\/08\/WeStandBehindOurProducts.jpg\" class=\"attachment-full size-full wp-image-2413 wvs-archive-product-image\" alt=\"\" srcset=\"https:\/\/savariastairlift.com\/wp-content\/uploads\/2023\/08\/WeStandBehindOurProducts.jpg 800w, https:\/\/savariastairlift.com\/wp-content\/uploads\/2023\/08\/WeStandBehindOurProducts-300x220.jpg 300w, https:\/\/savariastairlift.com\/wp-content\/uploads\/2023\/08\/WeStandBehindOurProducts-768x564.jpg 768w\" sizes=\"(max-width: 800px) 100vw, 800px\" \/>\t\t\t\t\t\t\t\t\t\t\t\t\t\t\t<\/div>\n\t\t\t\t<\/div>\n\t\t\t\t<\/div>\n\t\t\t\t\t<\/div>\n\t\t\t\t<\/div>\n\t\t<div class=\"elementor-element elementor-element-273ddd3 e-flex e-con-boxed e-con e-parent\" data-id=\"273ddd3\" data-element_type=\"container\" data-e-type=\"container\">\n\t\t\t\t\t<div class=\"e-con-inner\">\n\t\t<div class=\"elementor-element elementor-element-efbbbb9 e-flex e-con-boxed e-con e-child\" data-id=\"efbbbb9\" data-element_type=\"container\" data-e-type=\"container\" data-settings=\"{&quot;background_background&quot;:&quot;classic&quot;}\">\n\t\t\t\t\t<div class=\"e-con-inner\">\n\t\t<div class=\"elementor-element elementor-element-70631c1 e-con-full e-flex e-con e-child\" data-id=\"70631c1\" data-element_type=\"container\" data-e-type=\"container\">\n\t\t<div class=\"elementor-element elementor-element-ec5657b e-con-full e-flex e-con e-child\" data-id=\"ec5657b\" data-element_type=\"container\" data-e-type=\"container\">\n\t\t\t\t<div class=\"elementor-element elementor-element-46d5d13 elementor-view-default elementor-widget elementor-widget-icon\" data-id=\"46d5d13\" data-element_type=\"widget\" data-e-type=\"widget\" data-widget_type=\"icon.default\">\n\t\t\t\t<div class=\"elementor-widget-container\">\n\t\t\t\t\t\t\t<div class=\"elementor-icon-wrapper\">\n\t\t\t<div class=\"elementor-icon\">\n\t\t\t<i aria-hidden=\"true\" class=\"fas fa-tools\"><\/i>\t\t\t<\/div>\n\t\t<\/div>\n\t\t\t\t\t\t<\/div>\n\t\t\t\t<\/div>\n\t\t\t\t<\/div>\n\t\t<div class=\"elementor-element elementor-element-7106603 e-con-full e-flex e-con e-child\" data-id=\"7106603\" data-element_type=\"container\" data-e-type=\"container\">\n\t\t\t\t<div class=\"elementor-element elementor-element-8ef68dc elementor-widget elementor-widget-heading\" data-id=\"8ef68dc\" data-element_type=\"widget\" data-e-type=\"widget\" data-widget_type=\"heading.default\">\n\t\t\t\t<div class=\"elementor-widget-container\">\n\t\t\t\t\t<h2 class=\"elementor-heading-title elementor-size-default\">Besoin de service et de r\u00e9paration?<\/h2>\t\t\t\t<\/div>\n\t\t\t\t<\/div>\n\t\t\t\t<div class=\"elementor-element elementor-element-a4fc8d7 elementor-widget elementor-widget-heading\" data-id=\"a4fc8d7\" data-element_type=\"widget\" data-e-type=\"widget\" data-widget_type=\"heading.default\">\n\t\t\t\t<div class=\"elementor-widget-container\">\n\t\t\t\t\t<p class=\"elementor-heading-title elementor-size-default\">Gardez votre produit Savaria en parfait \u00e9tat.<\/p>\t\t\t\t<\/div>\n\t\t\t\t<\/div>\n\t\t\t\t<div class=\"elementor-element elementor-element-8b2522b elementor-widget elementor-widget-heading\" data-id=\"8b2522b\" data-element_type=\"widget\" data-e-type=\"widget\" data-widget_type=\"heading.default\">\n\t\t\t\t<div class=\"elementor-widget-container\">\n\t\t\t\t\t<p class=\"elementor-heading-title elementor-size-default\">Tout comme votre voiture ou votre chaudi\u00e8re, votre produit Savaria fonctionnera de mani\u00e8re optimale avec un entretien r\u00e9gulier.<\/p>\t\t\t\t<\/div>\n\t\t\t\t<\/div>\n\t\t\t\t<\/div>\n\t\t<div class=\"elementor-element elementor-element-1144c2a e-con-full e-flex e-con e-child\" data-id=\"1144c2a\" data-element_type=\"container\" data-e-type=\"container\">\n\t\t\t\t<div class=\"elementor-element elementor-element-5b45b57 elementor-widget elementor-widget-button\" data-id=\"5b45b57\" data-element_type=\"widget\" data-e-type=\"widget\" data-widget_type=\"button.default\">\n\t\t\t\t<div class=\"elementor-widget-container\">\n\t\t\t\t\t\t\t\t\t<div class=\"elementor-button-wrapper\">\n\t\t\t\t\t<a class=\"elementor-button elementor-button-link elementor-size-sm\" href=\"\/fr\/service-and-repair\/\">\n\t\t\t\t\t\t<span class=\"elementor-button-content-wrapper\">\n\t\t\t\t\t\t\t\t\t<span class=\"elementor-button-text\">Trouvez un distributeur<\/span>\n\t\t\t\t\t<\/span>\n\t\t\t\t\t<\/a>\n\t\t\t\t<\/div>\n\t\t\t\t\t\t\t\t<\/div>\n\t\t\t\t<\/div>\n\t\t\t\t<\/div>\n\t\t\t\t<\/div>\n\t\t\t\t\t<\/div>\n\t\t\t\t<\/div>\n\t\t\t\t\t<\/div>\n\t\t\t\t<\/div>\n\t\t<div class=\"elementor-element elementor-element-950f6e7 e-flex e-con-boxed e-con e-parent\" data-id=\"950f6e7\" data-element_type=\"container\" data-e-type=\"container\">\n\t\t\t\t\t<div class=\"e-con-inner\">\n\t\t\t\t<div class=\"elementor-element elementor-element-448a19c faq elementor-widget elementor-widget-accordion\" data-id=\"448a19c\" data-element_type=\"widget\" data-e-type=\"widget\" data-widget_type=\"accordion.default\">\n\t\t\t\t<div class=\"elementor-widget-container\">\n\t\t\t\t\t\t\t<div class=\"elementor-accordion\">\n\t\t\t\t\t\t\t<div class=\"elementor-accordion-item\">\n\t\t\t\t\t<div id=\"elementor-tab-title-7181\" class=\"elementor-tab-title\" data-tab=\"1\" role=\"button\" aria-controls=\"elementor-tab-content-7181\" aria-expanded=\"false\">\n\t\t\t\t\t\t\t\t\t\t\t\t\t<span class=\"elementor-accordion-icon elementor-accordion-icon-right\" aria-hidden=\"true\">\n\t\t\t\t\t\t\t\t\t\t\t\t\t\t\t<span class=\"elementor-accordion-icon-closed\"><i class=\"fas fa-chevron-down\"><\/i><\/span>\n\t\t\t\t\t\t\t\t<span class=\"elementor-accordion-icon-opened\"><i class=\"fas fa-chevron-up\"><\/i><\/span>\n\t\t\t\t\t\t\t\t\t\t\t\t\t\t<\/span>\n\t\t\t\t\t\t\t\t\t\t\t\t<a class=\"elementor-accordion-title\" tabindex=\"0\">Garantie des si\u00e8ges d'escalier<\/a>\n\t\t\t\t\t<\/div>\n\t\t\t\t\t<div id=\"elementor-tab-content-7181\" class=\"elementor-tab-content elementor-clearfix\" data-tab=\"1\" role=\"region\" aria-labelledby=\"elementor-tab-title-7181\"><p>Pour les si\u00e8ges d&rsquo;escalier de marque Savaria, nous offrons une garantie de pi\u00e8ces de 36 mois.<\/p><p>Pour les si\u00e8ges d&rsquo;escalier de marque Handicare, nous offrons une garantie de pi\u00e8ces de 24 mois et une garantie \u00e0 vie limit\u00e9e sur le syst\u00e8me d&rsquo;entra\u00eenement.<\/p><\/div>\n\t\t\t\t<\/div>\n\t\t\t\t\t\t\t<div class=\"elementor-accordion-item\">\n\t\t\t\t\t<div id=\"elementor-tab-title-7182\" class=\"elementor-tab-title\" data-tab=\"2\" role=\"button\" aria-controls=\"elementor-tab-content-7182\" aria-expanded=\"false\">\n\t\t\t\t\t\t\t\t\t\t\t\t\t<span class=\"elementor-accordion-icon elementor-accordion-icon-right\" aria-hidden=\"true\">\n\t\t\t\t\t\t\t\t\t\t\t\t\t\t\t<span class=\"elementor-accordion-icon-closed\"><i class=\"fas fa-chevron-down\"><\/i><\/span>\n\t\t\t\t\t\t\t\t<span class=\"elementor-accordion-icon-opened\"><i class=\"fas fa-chevron-up\"><\/i><\/span>\n\t\t\t\t\t\t\t\t\t\t\t\t\t\t<\/span>\n\t\t\t\t\t\t\t\t\t\t\t\t<a class=\"elementor-accordion-title\" tabindex=\"0\">Garantie des plates-formes \u00e9l\u00e9vatrices<\/a>\n\t\t\t\t\t<\/div>\n\t\t\t\t\t<div id=\"elementor-tab-content-7182\" class=\"elementor-tab-content elementor-clearfix\" data-tab=\"2\" role=\"region\" aria-labelledby=\"elementor-tab-title-7182\"><p>Nous offrons une garantie de pi\u00e8ces de 36 mois sur tous les ascenseurs pour fauteuil roulant Savaria.<\/p><\/div>\n\t\t\t\t<\/div>\n\t\t\t\t\t\t\t<div class=\"elementor-accordion-item\">\n\t\t\t\t\t<div id=\"elementor-tab-title-7183\" class=\"elementor-tab-title\" data-tab=\"3\" role=\"button\" aria-controls=\"elementor-tab-content-7183\" aria-expanded=\"false\">\n\t\t\t\t\t\t\t\t\t\t\t\t\t<span class=\"elementor-accordion-icon elementor-accordion-icon-right\" aria-hidden=\"true\">\n\t\t\t\t\t\t\t\t\t\t\t\t\t\t\t<span class=\"elementor-accordion-icon-closed\"><i class=\"fas fa-chevron-down\"><\/i><\/span>\n\t\t\t\t\t\t\t\t<span class=\"elementor-accordion-icon-opened\"><i class=\"fas fa-chevron-up\"><\/i><\/span>\n\t\t\t\t\t\t\t\t\t\t\t\t\t\t<\/span>\n\t\t\t\t\t\t\t\t\t\t\t\t<a class=\"elementor-accordion-title\" tabindex=\"0\">Garantie des ascenseurs r\u00e9sidentiels<\/a>\n\t\t\t\t\t<\/div>\n\t\t\t\t\t<div id=\"elementor-tab-content-7183\" class=\"elementor-tab-content elementor-clearfix\" data-tab=\"3\" role=\"region\" aria-labelledby=\"elementor-tab-title-7183\"><p>Chaque ascenseur r\u00e9sidentiel Savaria est livr\u00e9 avec une garantie de pi\u00e8ces de 36 mois.<\/p><\/div>\n\t\t\t\t<\/div>\n\t\t\t\t\t\t\t<div class=\"elementor-accordion-item\">\n\t\t\t\t\t<div id=\"elementor-tab-title-7184\" class=\"elementor-tab-title\" data-tab=\"4\" role=\"button\" aria-controls=\"elementor-tab-content-7184\" aria-expanded=\"false\">\n\t\t\t\t\t\t\t\t\t\t\t\t\t<span class=\"elementor-accordion-icon elementor-accordion-icon-right\" aria-hidden=\"true\">\n\t\t\t\t\t\t\t\t\t\t\t\t\t\t\t<span class=\"elementor-accordion-icon-closed\"><i class=\"fas fa-chevron-down\"><\/i><\/span>\n\t\t\t\t\t\t\t\t<span class=\"elementor-accordion-icon-opened\"><i class=\"fas fa-chevron-up\"><\/i><\/span>\n\t\t\t\t\t\t\t\t\t\t\t\t\t\t<\/span>\n\t\t\t\t\t\t\t\t\t\t\t\t<a class=\"elementor-accordion-title\" tabindex=\"0\">Garantie des plates-formes \u00e9l\u00e9vatrices passant \u00e0 travers le plancher<\/a>\n\t\t\t\t\t<\/div>\n\t\t\t\t\t<div id=\"elementor-tab-content-7184\" class=\"elementor-tab-content elementor-clearfix\" data-tab=\"4\" role=\"region\" aria-labelledby=\"elementor-tab-title-7184\"><p>Notre garantie standard de pi\u00e8ces de 36 mois s&rsquo;applique \u00e0 nos plates-formes \u00e9l\u00e9vatrices passant \u00e0 travers le plancher.<\/p><\/div>\n\t\t\t\t<\/div>\n\t\t\t\t\t\t\t<div class=\"elementor-accordion-item\">\n\t\t\t\t\t<div id=\"elementor-tab-title-7185\" class=\"elementor-tab-title\" data-tab=\"5\" role=\"button\" aria-controls=\"elementor-tab-content-7185\" aria-expanded=\"false\">\n\t\t\t\t\t\t\t\t\t\t\t\t\t<span class=\"elementor-accordion-icon elementor-accordion-icon-right\" aria-hidden=\"true\">\n\t\t\t\t\t\t\t\t\t\t\t\t\t\t\t<span class=\"elementor-accordion-icon-closed\"><i class=\"fas fa-chevron-down\"><\/i><\/span>\n\t\t\t\t\t\t\t\t<span class=\"elementor-accordion-icon-opened\"><i class=\"fas fa-chevron-up\"><\/i><\/span>\n\t\t\t\t\t\t\t\t\t\t\t\t\t\t<\/span>\n\t\t\t\t\t\t\t\t\t\t\t\t<a class=\"elementor-accordion-title\" tabindex=\"0\">Garantie des \u00e9quipements m\u00e9dicaux \u00e0 domicile<\/a>\n\t\t\t\t\t<\/div>\n\t\t\t\t\t<div id=\"elementor-tab-content-7185\" class=\"elementor-tab-content elementor-clearfix\" data-tab=\"5\" role=\"region\" aria-labelledby=\"elementor-tab-title-7185\"><p>Nos \u00e9quipements m\u00e9dicaux de marque Savaria sont accompagn\u00e9s de notre garantie standard de pi\u00e8ces de 36 mois.<\/p><p>Nos \u00e9quipements m\u00e9dicaux de marque Handicare b\u00e9n\u00e9ficient d&rsquo;une garantie de 12 mois \u00e0 partir de la date d&rsquo;installation.<\/p><\/div>\n\t\t\t\t<\/div>\n\t\t\t\t\t\t\t\t\t\t<script type=\"application\/ld+json\">{\"@context\":\"https:\\\/\\\/schema.org\",\"@type\":\"FAQPage\",\"mainEntity\":[{\"@type\":\"Question\",\"name\":\"Garantie des si\\u00e8ges d'escalier\",\"acceptedAnswer\":{\"@type\":\"Answer\",\"text\":\"<p>Pour les si\\u00e8ges d&rsquo;escalier de marque Savaria, nous offrons une garantie de pi\\u00e8ces de 36 mois.<\\\/p><p>Pour les si\\u00e8ges d&rsquo;escalier de marque Handicare, nous offrons une garantie de pi\\u00e8ces de 24 mois et une garantie \\u00e0 vie limit\\u00e9e sur le syst\\u00e8me d&rsquo;entra\\u00eenement.<\\\/p>\"}},{\"@type\":\"Question\",\"name\":\"Garantie des plates-formes \\u00e9l\\u00e9vatrices\",\"acceptedAnswer\":{\"@type\":\"Answer\",\"text\":\"<p>Nous offrons une garantie de pi\\u00e8ces de 36 mois sur tous les ascenseurs pour fauteuil roulant Savaria.<\\\/p>\"}},{\"@type\":\"Question\",\"name\":\"Garantie des ascenseurs r\\u00e9sidentiels\",\"acceptedAnswer\":{\"@type\":\"Answer\",\"text\":\"<p>Chaque ascenseur r\\u00e9sidentiel Savaria est livr\\u00e9 avec une garantie de pi\\u00e8ces de 36 mois.<\\\/p>\"}},{\"@type\":\"Question\",\"name\":\"Garantie des plates-formes \\u00e9l\\u00e9vatrices passant \\u00e0 travers le plancher\",\"acceptedAnswer\":{\"@type\":\"Answer\",\"text\":\"<p>Notre garantie standard de pi\\u00e8ces de 36 mois s&rsquo;applique \\u00e0 nos plates-formes \\u00e9l\\u00e9vatrices passant \\u00e0 travers le plancher.<\\\/p>\"}},{\"@type\":\"Question\",\"name\":\"Garantie des \\u00e9quipements m\\u00e9dicaux \\u00e0 domicile\",\"acceptedAnswer\":{\"@type\":\"Answer\",\"text\":\"<p>Nos \\u00e9quipements m\\u00e9dicaux de marque Savaria sont accompagn\\u00e9s de notre garantie standard de pi\\u00e8ces de 36 mois.<\\\/p><p>Nos \\u00e9quipements m\\u00e9dicaux de marque Handicare b\\u00e9n\\u00e9ficient d&rsquo;une garantie de 12 mois \\u00e0 partir de la date d&rsquo;installation.<\\\/p>\"}}]}<\/script>\n\t\t\t\t\t<\/div>\n\t\t\t\t\t\t<\/div>\n\t\t\t\t<\/div>\n\t\t\t\t\t<\/div>\n\t\t\t\t<\/div>\n\t\t\t\t<\/div>\n\t\t","protected":false},"excerpt":{"rendered":"<p>Nous garantissons nos produits Personne n&rsquo;est parfait. Peu importe \u00e0 quel point les produits d&rsquo;accessibilit\u00e9 r\u00e9sidentielle Savaria sont bien con\u00e7us, robustes et soigneusement install\u00e9s, un petit d\u00e9faut peut parfois survenir. Restez tranquille. Nous vous couvrons. Chaque produit que nous vendons est accompagn\u00e9 d&rsquo;une garantie de pi\u00e8ces du fabricant. Votre expert local en accessibilit\u00e9 r\u00e9sidentielle Savaria [&hellip;]<\/p>\n","protected":false},"author":2,"featured_media":0,"parent":0,"menu_order":0,"comment_status":"closed","ping_status":"closed","template":"elementor_header_footer","meta":{"_acf_changed":false,"footnotes":""},"class_list":["post-2950","page","type-page","status-publish","hentry"],"acf":[],"yoast_head":"<!-- This site is optimized with the Yoast SEO Premium plugin v27.0 (Yoast SEO v27.4) - https:\/\/yoast.com\/product\/yoast-seo-premium-wordpress\/ -->\n<title>En savoir plus sur les garanties des monte-escaliers | Savaria Stairlift<\/title>\n<meta name=\"description\" content=\"Tous nos produits sont garantis par une garantie des pi\u00e8ces du fabricant. Votre expert Savaria est la meilleure ressource pour toute question.\" \/>\n<meta name=\"robots\" content=\"index, follow, max-snippet:-1, max-image-preview:large, max-video-preview:-1\" \/>\n<link rel=\"canonical\" href=\"https:\/\/savariastairlift.com\/fr\/warranty\/\" \/>\n<meta property=\"og:locale\" content=\"fr_FR\" \/>\n<meta property=\"og:type\" content=\"article\" \/>\n<meta property=\"og:title\" content=\"Garantie\" \/>\n<meta property=\"og:description\" content=\"Tous nos produits sont garantis par une garantie des pi\u00e8ces du fabricant. Votre expert Savaria est la meilleure ressource pour toute question.\" \/>\n<meta property=\"og:url\" content=\"https:\/\/savariastairlift.com\/fr\/warranty\/\" \/>\n<meta property=\"og:site_name\" content=\"Savaria Stairlift\" \/>\n<meta property=\"article:modified_time\" content=\"2025-04-29T14:00:58+00:00\" \/>\n<meta property=\"og:image\" content=\"https:\/\/savariastairlift.com\/wp-content\/uploads\/2023\/08\/WeStandBehindOurProducts.jpg\" \/>\n<meta name=\"twitter:card\" content=\"summary_large_image\" \/>\n<meta name=\"twitter:label1\" content=\"Dur\u00e9e de lecture estim\u00e9e\" \/>\n\t<meta name=\"twitter:data1\" content=\"2 minutes\" \/>\n<script type=\"application\/ld+json\" class=\"yoast-schema-graph\">{\"@context\":\"https:\\\/\\\/schema.org\",\"@graph\":[{\"@type\":\"WebPage\",\"@id\":\"https:\\\/\\\/savariastairlift.com\\\/fr\\\/warranty\\\/\",\"url\":\"https:\\\/\\\/savariastairlift.com\\\/fr\\\/warranty\\\/\",\"name\":\"En savoir plus sur les garanties des monte-escaliers | Savaria Stairlift\",\"isPartOf\":{\"@id\":\"https:\\\/\\\/savariastairlift.com\\\/fr\\\/#website\"},\"primaryImageOfPage\":{\"@id\":\"https:\\\/\\\/savariastairlift.com\\\/fr\\\/warranty\\\/#primaryimage\"},\"image\":{\"@id\":\"https:\\\/\\\/savariastairlift.com\\\/fr\\\/warranty\\\/#primaryimage\"},\"thumbnailUrl\":\"https:\\\/\\\/savariastairlift.com\\\/wp-content\\\/uploads\\\/2023\\\/08\\\/WeStandBehindOurProducts.jpg\",\"datePublished\":\"2023-08-01T15:16:26+00:00\",\"dateModified\":\"2025-04-29T14:00:58+00:00\",\"description\":\"Tous nos produits sont garantis par une garantie des pi\u00e8ces du fabricant. Votre expert Savaria est la meilleure ressource pour toute question.\",\"breadcrumb\":{\"@id\":\"https:\\\/\\\/savariastairlift.com\\\/fr\\\/warranty\\\/#breadcrumb\"},\"inLanguage\":\"fr-FR\",\"potentialAction\":[{\"@type\":\"ReadAction\",\"target\":[\"https:\\\/\\\/savariastairlift.com\\\/fr\\\/warranty\\\/\"]}]},{\"@type\":\"ImageObject\",\"inLanguage\":\"fr-FR\",\"@id\":\"https:\\\/\\\/savariastairlift.com\\\/fr\\\/warranty\\\/#primaryimage\",\"url\":\"https:\\\/\\\/savariastairlift.com\\\/wp-content\\\/uploads\\\/2023\\\/08\\\/WeStandBehindOurProducts.jpg\",\"contentUrl\":\"https:\\\/\\\/savariastairlift.com\\\/wp-content\\\/uploads\\\/2023\\\/08\\\/WeStandBehindOurProducts.jpg\"},{\"@type\":\"BreadcrumbList\",\"@id\":\"https:\\\/\\\/savariastairlift.com\\\/fr\\\/warranty\\\/#breadcrumb\",\"itemListElement\":[{\"@type\":\"ListItem\",\"position\":1,\"name\":\"Home\",\"item\":\"https:\\\/\\\/savariastairlift.com\\\/fr\\\/\"},{\"@type\":\"ListItem\",\"position\":2,\"name\":\"Garantie\"}]},{\"@type\":\"WebSite\",\"@id\":\"https:\\\/\\\/savariastairlift.com\\\/fr\\\/#website\",\"url\":\"https:\\\/\\\/savariastairlift.com\\\/fr\\\/\",\"name\":\"Savaria Stairlift\",\"description\":\"Savaria Home Access\",\"publisher\":{\"@id\":\"https:\\\/\\\/savariastairlift.com\\\/fr\\\/#organization\"},\"potentialAction\":[{\"@type\":\"SearchAction\",\"target\":{\"@type\":\"EntryPoint\",\"urlTemplate\":\"https:\\\/\\\/savariastairlift.com\\\/fr\\\/?s={search_term_string}\"},\"query-input\":{\"@type\":\"PropertyValueSpecification\",\"valueRequired\":true,\"valueName\":\"search_term_string\"}}],\"inLanguage\":\"fr-FR\"},{\"@type\":\"Organization\",\"@id\":\"https:\\\/\\\/savariastairlift.com\\\/fr\\\/#organization\",\"name\":\"Savaria Stairlift\",\"url\":\"https:\\\/\\\/savariastairlift.com\\\/fr\\\/\",\"logo\":{\"@type\":\"ImageObject\",\"inLanguage\":\"fr-FR\",\"@id\":\"https:\\\/\\\/savariastairlift.com\\\/fr\\\/#\\\/schema\\\/logo\\\/image\\\/\",\"url\":\"https:\\\/\\\/savariastairlift.com\\\/wp-content\\\/uploads\\\/2023\\\/06\\\/Savaria-Logo-Green.svg\",\"contentUrl\":\"https:\\\/\\\/savariastairlift.com\\\/wp-content\\\/uploads\\\/2023\\\/06\\\/Savaria-Logo-Green.svg\",\"width\":400,\"height\":76,\"caption\":\"Savaria Stairlift\"},\"image\":{\"@id\":\"https:\\\/\\\/savariastairlift.com\\\/fr\\\/#\\\/schema\\\/logo\\\/image\\\/\"}}]}<\/script>\n<!-- \/ Yoast SEO Premium plugin. -->","yoast_head_json":{"title":"En savoir plus sur les garanties des monte-escaliers | Savaria Stairlift","description":"Tous nos produits sont garantis par une garantie des pi\u00e8ces du fabricant. Votre expert Savaria est la meilleure ressource pour toute question.","robots":{"index":"index","follow":"follow","max-snippet":"max-snippet:-1","max-image-preview":"max-image-preview:large","max-video-preview":"max-video-preview:-1"},"canonical":"https:\/\/savariastairlift.com\/fr\/warranty\/","og_locale":"fr_FR","og_type":"article","og_title":"Garantie","og_description":"Tous nos produits sont garantis par une garantie des pi\u00e8ces du fabricant. Votre expert Savaria est la meilleure ressource pour toute question.","og_url":"https:\/\/savariastairlift.com\/fr\/warranty\/","og_site_name":"Savaria Stairlift","article_modified_time":"2025-04-29T14:00:58+00:00","og_image":[{"url":"https:\/\/savariastairlift.com\/wp-content\/uploads\/2023\/08\/WeStandBehindOurProducts.jpg","type":"","width":"","height":""}],"twitter_card":"summary_large_image","twitter_misc":{"Dur\u00e9e de lecture estim\u00e9e":"2 minutes"},"schema":{"@context":"https:\/\/schema.org","@graph":[{"@type":"WebPage","@id":"https:\/\/savariastairlift.com\/fr\/warranty\/","url":"https:\/\/savariastairlift.com\/fr\/warranty\/","name":"En savoir plus sur les garanties des monte-escaliers | Savaria Stairlift","isPartOf":{"@id":"https:\/\/savariastairlift.com\/fr\/#website"},"primaryImageOfPage":{"@id":"https:\/\/savariastairlift.com\/fr\/warranty\/#primaryimage"},"image":{"@id":"https:\/\/savariastairlift.com\/fr\/warranty\/#primaryimage"},"thumbnailUrl":"https:\/\/savariastairlift.com\/wp-content\/uploads\/2023\/08\/WeStandBehindOurProducts.jpg","datePublished":"2023-08-01T15:16:26+00:00","dateModified":"2025-04-29T14:00:58+00:00","description":"Tous nos produits sont garantis par une garantie des pi\u00e8ces du fabricant. Votre expert Savaria est la meilleure ressource pour toute question.","breadcrumb":{"@id":"https:\/\/savariastairlift.com\/fr\/warranty\/#breadcrumb"},"inLanguage":"fr-FR","potentialAction":[{"@type":"ReadAction","target":["https:\/\/savariastairlift.com\/fr\/warranty\/"]}]},{"@type":"ImageObject","inLanguage":"fr-FR","@id":"https:\/\/savariastairlift.com\/fr\/warranty\/#primaryimage","url":"https:\/\/savariastairlift.com\/wp-content\/uploads\/2023\/08\/WeStandBehindOurProducts.jpg","contentUrl":"https:\/\/savariastairlift.com\/wp-content\/uploads\/2023\/08\/WeStandBehindOurProducts.jpg"},{"@type":"BreadcrumbList","@id":"https:\/\/savariastairlift.com\/fr\/warranty\/#breadcrumb","itemListElement":[{"@type":"ListItem","position":1,"name":"Home","item":"https:\/\/savariastairlift.com\/fr\/"},{"@type":"ListItem","position":2,"name":"Garantie"}]},{"@type":"WebSite","@id":"https:\/\/savariastairlift.com\/fr\/#website","url":"https:\/\/savariastairlift.com\/fr\/","name":"Savaria Stairlift","description":"Savaria Home Access","publisher":{"@id":"https:\/\/savariastairlift.com\/fr\/#organization"},"potentialAction":[{"@type":"SearchAction","target":{"@type":"EntryPoint","urlTemplate":"https:\/\/savariastairlift.com\/fr\/?s={search_term_string}"},"query-input":{"@type":"PropertyValueSpecification","valueRequired":true,"valueName":"search_term_string"}}],"inLanguage":"fr-FR"},{"@type":"Organization","@id":"https:\/\/savariastairlift.com\/fr\/#organization","name":"Savaria Stairlift","url":"https:\/\/savariastairlift.com\/fr\/","logo":{"@type":"ImageObject","inLanguage":"fr-FR","@id":"https:\/\/savariastairlift.com\/fr\/#\/schema\/logo\/image\/","url":"https:\/\/savariastairlift.com\/wp-content\/uploads\/2023\/06\/Savaria-Logo-Green.svg","contentUrl":"https:\/\/savariastairlift.com\/wp-content\/uploads\/2023\/06\/Savaria-Logo-Green.svg","width":400,"height":76,"caption":"Savaria Stairlift"},"image":{"@id":"https:\/\/savariastairlift.com\/fr\/#\/schema\/logo\/image\/"}}]}},"_links":{"self":[{"href":"https:\/\/savariastairlift.com\/fr\/wp-json\/wp\/v2\/pages\/2950","targetHints":{"allow":["GET"]}}],"collection":[{"href":"https:\/\/savariastairlift.com\/fr\/wp-json\/wp\/v2\/pages"}],"about":[{"href":"https:\/\/savariastairlift.com\/fr\/wp-json\/wp\/v2\/types\/page"}],"author":[{"embeddable":true,"href":"https:\/\/savariastairlift.com\/fr\/wp-json\/wp\/v2\/users\/2"}],"replies":[{"embeddable":true,"href":"https:\/\/savariastairlift.com\/fr\/wp-json\/wp\/v2\/comments?post=2950"}],"version-history":[{"count":0,"href":"https:\/\/savariastairlift.com\/fr\/wp-json\/wp\/v2\/pages\/2950\/revisions"}],"wp:attachment":[{"href":"https:\/\/savariastairlift.com\/fr\/wp-json\/wp\/v2\/media?parent=2950"}],"curies":[{"name":"wp","href":"https:\/\/api.w.org\/{rel}","templated":true}]}}