{"id":2961,"date":"2023-06-28T15:26:07","date_gmt":"2023-06-28T19:26:07","guid":{"rendered":"https:\/\/savariastairlift.com\/find-a-dealer\/"},"modified":"2025-04-11T14:51:52","modified_gmt":"2025-04-11T18:51:52","slug":"find-a-dealer","status":"publish","type":"page","link":"https:\/\/savariastairlift.com\/fr\/find-a-dealer\/","title":{"rendered":"Trouver un distributeur"},"content":{"rendered":"\t\t<div data-elementor-type=\"wp-page\" data-elementor-id=\"2961\" class=\"elementor elementor-2961 elementor-40\" data-elementor-post-type=\"page\">\n\t\t\t\t<div class=\"elementor-element elementor-element-4900956 e-flex e-con-boxed e-con e-parent\" data-id=\"4900956\" data-element_type=\"container\" data-e-type=\"container\">\n\t\t\t\t\t<div class=\"e-con-inner\">\n\t\t<div class=\"elementor-element elementor-element-7871894 e-con-full e-flex e-con e-child\" data-id=\"7871894\" data-element_type=\"container\" data-e-type=\"container\">\n\t\t\t\t<div class=\"elementor-element elementor-element-cf5567f elementor-widget elementor-widget-heading\" data-id=\"cf5567f\" data-element_type=\"widget\" data-e-type=\"widget\" data-widget_type=\"heading.default\">\n\t\t\t\t<div class=\"elementor-widget-container\">\n\t\t\t\t\t<h1 class=\"elementor-heading-title elementor-size-default\">Connectez-vous avec un expert en accessibilit\u00e9 r\u00e9sidentielle Savaria pr\u00e8s de chez vous<\/h1>\t\t\t\t<\/div>\n\t\t\t\t<\/div>\n\t\t\t\t<div class=\"elementor-element elementor-element-ba2013d elementor-widget elementor-widget-heading\" data-id=\"ba2013d\" data-element_type=\"widget\" data-e-type=\"widget\" data-widget_type=\"heading.default\">\n\t\t\t\t<div class=\"elementor-widget-container\">\n\t\t\t\t\t<h2 class=\"elementor-heading-title elementor-size-default\">Commencez votre parcours vers une meilleure mobilit\u00e9<\/h2>\t\t\t\t<\/div>\n\t\t\t\t<\/div>\n\t\t\t\t<div class=\"elementor-element elementor-element-d70ddac elementor-widget elementor-widget-text-editor\" data-id=\"d70ddac\" data-element_type=\"widget\" data-e-type=\"widget\" data-widget_type=\"text-editor.default\">\n\t\t\t\t<div class=\"elementor-widget-container\">\n\t\t\t\t\t\t\t\t\t<p>Nous avons plus de 1000 distributeurs autoris\u00e9s Savaria \u00e0 travers l&rsquo;Am\u00e9rique du Nord \u2014 et davantage dans le monde entier.<\/p><p>Nos experts en accessibilit\u00e9 r\u00e9sidentielle sont soigneusement s\u00e9lectionn\u00e9s et form\u00e9s \u00e0 l&rsquo;installation, \u00e0 l&rsquo;utilisation et \u00e0 l&rsquo;entretien s\u00e9curis\u00e9s de nos si\u00e8ges d&rsquo;escaliers, plates-formes \u00e9l\u00e9vatrices, ascenseurs r\u00e9sidentiels, l\u00e8ve-personne et autres \u00e9quipements m\u00e9dicaux. Ils sont \u00e9galement votre ressource pour toute question concernant les codes de construction locaux, les exigences de permis et les sources de financement potentielles dans votre r\u00e9gion.<\/p><p>Si vous ou votre proche travaillez avec un ergoth\u00e9rapeute ou un autre professionnel de la sant\u00e9, votre expert en accessibilit\u00e9 r\u00e9sidentielle Savaria sera heureux de consulter avec eux pour s&rsquo;assurer que vos produits sont adapt\u00e9s \u00e0 votre plan de traitement.<\/p>\t\t\t\t\t\t\t\t<\/div>\n\t\t\t\t<\/div>\n\t\t\t\t<div class=\"elementor-element elementor-element-4a2e9bc elementor-widget elementor-widget-button\" data-id=\"4a2e9bc\" data-element_type=\"widget\" data-e-type=\"widget\" data-widget_type=\"button.default\">\n\t\t\t\t<div class=\"elementor-widget-container\">\n\t\t\t\t\t\t\t\t\t<div class=\"elementor-button-wrapper\">\n\t\t\t\t\t<a class=\"elementor-button elementor-button-link elementor-size-sm elementor-animation-grow\" href=\"#contact-form\">\n\t\t\t\t\t\t<span class=\"elementor-button-content-wrapper\">\n\t\t\t\t\t\t\t\t\t<span class=\"elementor-button-text\">CONNECTEZ-VOUS MAINTENANT<\/span>\n\t\t\t\t\t<\/span>\n\t\t\t\t\t<\/a>\n\t\t\t\t<\/div>\n\t\t\t\t\t\t\t\t<\/div>\n\t\t\t\t<\/div>\n\t\t\t\t<\/div>\n\t\t<div class=\"elementor-element elementor-element-c7a80fb e-con-full e-flex e-con e-child\" data-id=\"c7a80fb\" data-element_type=\"container\" data-e-type=\"container\">\n\t\t\t\t<div class=\"elementor-element elementor-element-51180a8 elementor-widget elementor-widget-image\" data-id=\"51180a8\" data-element_type=\"widget\" data-e-type=\"widget\" data-widget_type=\"image.default\">\n\t\t\t\t<div class=\"elementor-widget-container\">\n\t\t\t\t\t\t\t\t\t\t\t\t\t\t\t<img fetchpriority=\"high\" decoding=\"async\" width=\"600\" height=\"641\" src=\"https:\/\/savariastairlift.com\/wp-content\/uploads\/2023\/08\/FindADealer.jpg\" class=\"attachment-full size-full wp-image-2407 wvs-archive-product-image\" alt=\"\" srcset=\"https:\/\/savariastairlift.com\/wp-content\/uploads\/2023\/08\/FindADealer.jpg 600w, https:\/\/savariastairlift.com\/wp-content\/uploads\/2023\/08\/FindADealer-281x300.jpg 281w\" sizes=\"(max-width: 600px) 100vw, 600px\" \/>\t\t\t\t\t\t\t\t\t\t\t\t\t\t\t<\/div>\n\t\t\t\t<\/div>\n\t\t\t\t<\/div>\n\t\t\t\t\t<\/div>\n\t\t\t\t<\/div>\n\t\t<div class=\"elementor-element elementor-element-9b230dd e-flex e-con-boxed e-con e-parent\" data-id=\"9b230dd\" data-element_type=\"container\" data-e-type=\"container\">\n\t\t\t\t\t<div class=\"e-con-inner\">\n\t\t<div class=\"elementor-element elementor-element-5a6a2cb e-flex e-con-boxed e-con e-child\" data-id=\"5a6a2cb\" data-element_type=\"container\" data-e-type=\"container\">\n\t\t\t\t\t<div class=\"e-con-inner\">\n\t\t\t\t<div class=\"elementor-element elementor-element-9a22304 elementor-widget elementor-widget-heading\" data-id=\"9a22304\" data-element_type=\"widget\" data-e-type=\"widget\" data-widget_type=\"heading.default\">\n\t\t\t\t<div class=\"elementor-widget-container\">\n\t\t\t\t\t<h2 class=\"elementor-heading-title elementor-size-default\">Comment \u00e7a fonctionne | Processus Savaria<\/h2>\t\t\t\t<\/div>\n\t\t\t\t<\/div>\n\t\t\t\t\t<\/div>\n\t\t\t\t<\/div>\n\t\t\t\t\t<\/div>\n\t\t\t\t<\/div>\n\t\t<div class=\"elementor-element elementor-element-d9f458b e-flex e-con-boxed e-con e-parent\" data-id=\"d9f458b\" data-element_type=\"container\" data-e-type=\"container\">\n\t\t\t\t\t<div class=\"e-con-inner\">\n\t\t<div class=\"elementor-element elementor-element-5eaf9b6 e-con-full e-flex e-con e-child\" data-id=\"5eaf9b6\" data-element_type=\"container\" data-e-type=\"container\">\n\t\t\t\t<div class=\"elementor-element elementor-element-183384b elementor-position-top elementor-widget elementor-widget-image-box\" data-id=\"183384b\" data-element_type=\"widget\" data-e-type=\"widget\" data-widget_type=\"image-box.default\">\n\t\t\t\t<div class=\"elementor-widget-container\">\n\t\t\t\t\t<div class=\"elementor-image-box-wrapper\"><figure class=\"elementor-image-box-img\"><img decoding=\"async\" width=\"416\" height=\"274\" src=\"https:\/\/savariastairlift.com\/wp-content\/uploads\/2023\/09\/FillForm-Woman-Smaller-01.svg\" class=\"attachment-full size-full wp-image-2607 wvs-archive-product-image\" alt=\"\" \/><\/figure><div class=\"elementor-image-box-content\"><h3 class=\"elementor-image-box-title\">\u00c9tape 1<\/h3><p class=\"elementor-image-box-description\">Remplissez le formulaire ci-dessous ou appelez-nous au \n<b>1.800.931.5655<\/b>.<\/p><\/div><\/div>\t\t\t\t<\/div>\n\t\t\t\t<\/div>\n\t\t\t\t<\/div>\n\t\t<div class=\"elementor-element elementor-element-695613d e-con-full e-flex e-con e-child\" data-id=\"695613d\" data-element_type=\"container\" data-e-type=\"container\">\n\t\t\t\t<div class=\"elementor-element elementor-element-3f1fbe6 elementor-position-top elementor-widget elementor-widget-image-box\" data-id=\"3f1fbe6\" data-element_type=\"widget\" data-e-type=\"widget\" data-widget_type=\"image-box.default\">\n\t\t\t\t<div class=\"elementor-widget-container\">\n\t\t\t\t\t<div class=\"elementor-image-box-wrapper\"><figure class=\"elementor-image-box-img\"><img decoding=\"async\" width=\"416\" height=\"274\" src=\"https:\/\/savariastairlift.com\/wp-content\/uploads\/2023\/09\/Match-With-Local-Dealer-01.svg\" class=\"attachment-full size-full wp-image-2637 wvs-archive-product-image\" alt=\"\" \/><\/figure><div class=\"elementor-image-box-content\"><h3 class=\"elementor-image-box-title\">\u00c9tape 2<\/h3><p class=\"elementor-image-box-description\">Nous vous mettons en contact avec votre distributeur local en fonction de votre produit d'int\u00e9r\u00eat.<\/p><\/div><\/div>\t\t\t\t<\/div>\n\t\t\t\t<\/div>\n\t\t\t\t<\/div>\n\t\t<div class=\"elementor-element elementor-element-d54029c e-con-full e-flex e-con e-child\" data-id=\"d54029c\" data-element_type=\"container\" data-e-type=\"container\">\n\t\t\t\t<div class=\"elementor-element elementor-element-fa05151 elementor-position-top elementor-widget elementor-widget-image-box\" data-id=\"fa05151\" data-element_type=\"widget\" data-e-type=\"widget\" data-widget_type=\"image-box.default\">\n\t\t\t\t<div class=\"elementor-widget-container\">\n\t\t\t\t\t<div class=\"elementor-image-box-wrapper\"><figure class=\"elementor-image-box-img\"><img loading=\"lazy\" decoding=\"async\" width=\"906\" height=\"593\" src=\"https:\/\/savariastairlift.com\/wp-content\/uploads\/2023\/09\/ReachingOut-Phone-S-01.svg\" class=\"attachment-full size-full wp-image-2609 wvs-archive-product-image\" alt=\"\" \/><\/figure><div class=\"elementor-image-box-content\"><h3 class=\"elementor-image-box-title\">\u00c9tape 3<\/h3><p class=\"elementor-image-box-description\">Votre expert en accessibilit\u00e9 r\u00e9sidentielle Savaria vous contactera dans un d\u00e9lai d'un jour ouvrable.<\/p><\/div><\/div>\t\t\t\t<\/div>\n\t\t\t\t<\/div>\n\t\t\t\t<\/div>\n\t\t<div class=\"elementor-element elementor-element-41e941f e-con-full e-flex e-con e-child\" data-id=\"41e941f\" data-element_type=\"container\" data-e-type=\"container\">\n\t\t\t\t<div class=\"elementor-element elementor-element-892e8d0 elementor-position-top elementor-widget elementor-widget-image-box\" data-id=\"892e8d0\" data-element_type=\"widget\" data-e-type=\"widget\" data-widget_type=\"image-box.default\">\n\t\t\t\t<div class=\"elementor-widget-container\">\n\t\t\t\t\t<div class=\"elementor-image-box-wrapper\"><figure class=\"elementor-image-box-img\"><img loading=\"lazy\" decoding=\"async\" width=\"416\" height=\"274\" src=\"https:\/\/savariastairlift.com\/wp-content\/uploads\/2023\/10\/HomeVisitDealerV5-01.svg\" class=\"attachment-full size-full wp-image-2687 wvs-archive-product-image\" alt=\"\" \/><\/figure><div class=\"elementor-image-box-content\"><h3 class=\"elementor-image-box-title\">\u00c9tape 4<\/h3><p class=\"elementor-image-box-description\">Recevez une \u00e9valuation gratuite et sans obligation de la part de votre expert local.<\/p><\/div><\/div>\t\t\t\t<\/div>\n\t\t\t\t<\/div>\n\t\t\t\t<\/div>\n\t\t\t\t\t<\/div>\n\t\t\t\t<\/div>\n\t\t<div class=\"elementor-element elementor-element-b07fdf4 e-flex e-con-boxed e-con e-parent\" data-id=\"b07fdf4\" data-element_type=\"container\" data-e-type=\"container\" data-settings=\"{&quot;background_background&quot;:&quot;classic&quot;}\">\n\t\t\t\t\t<div class=\"e-con-inner\">\n\t\t<div class=\"elementor-element elementor-element-1e0e8fa e-con-full e-flex e-con e-child\" data-id=\"1e0e8fa\" data-element_type=\"container\" data-e-type=\"container\">\n\t\t\t\t<div class=\"elementor-element elementor-element-0252975 elementor-widget elementor-widget-heading\" data-id=\"0252975\" data-element_type=\"widget\" data-e-type=\"widget\" data-widget_type=\"heading.default\">\n\t\t\t\t<div class=\"elementor-widget-container\">\n\t\t\t\t\t<h2 class=\"elementor-heading-title elementor-size-default\">Commencez votre parcours vers une meilleure mobilit\u00e9 avec une \u00e9valuation gratuite de votre distributeur Savaria local.<\/h2>\t\t\t\t<\/div>\n\t\t\t\t<\/div>\n\t\t\t\t<\/div>\n\t\t\t\t<div class=\"elementor-element elementor-element-dd8afca elementor-align-center elementor-widget elementor-widget-button\" data-id=\"dd8afca\" data-element_type=\"widget\" data-e-type=\"widget\" data-widget_type=\"button.default\">\n\t\t\t\t<div class=\"elementor-widget-container\">\n\t\t\t\t\t\t\t\t\t<div class=\"elementor-button-wrapper\">\n\t\t\t\t\t<a class=\"elementor-button elementor-button-link elementor-size-sm elementor-animation-grow\" href=\"#contact-form\" target=\"_blank\">\n\t\t\t\t\t\t<span class=\"elementor-button-content-wrapper\">\n\t\t\t\t\t\t\t\t\t<span class=\"elementor-button-text\">CONTACTEZ-NOUS<\/span>\n\t\t\t\t\t<\/span>\n\t\t\t\t\t<\/a>\n\t\t\t\t<\/div>\n\t\t\t\t\t\t\t\t<\/div>\n\t\t\t\t<\/div>\n\t\t\t\t\t<\/div>\n\t\t\t\t<\/div>\n\t\t<div class=\"elementor-element elementor-element-54407b9 e-flex e-con-boxed e-con e-parent\" data-id=\"54407b9\" data-element_type=\"container\" data-e-type=\"container\" id=\"contact-form\">\n\t\t\t\t\t<div class=\"e-con-inner\">\n\t\t<div class=\"elementor-element elementor-element-fb9e9ae e-con-full e-flex e-con e-child\" data-id=\"fb9e9ae\" data-element_type=\"container\" data-e-type=\"container\">\n\t\t\t\t<div class=\"elementor-element elementor-element-4c05fa2 elementor-widget elementor-widget-heading\" data-id=\"4c05fa2\" data-element_type=\"widget\" data-e-type=\"widget\" data-widget_type=\"heading.default\">\n\t\t\t\t<div class=\"elementor-widget-container\">\n\t\t\t\t\t<h2 class=\"elementor-heading-title elementor-size-default\">Remplissez ce formulaire pour commencer votre parcours vers une meilleure mobilit\u00e9.<\/h2>\t\t\t\t<\/div>\n\t\t\t\t<\/div>\n\t\t\t\t<div class=\"elementor-element elementor-element-873a0e6 elementor-widget elementor-widget-text-editor\" data-id=\"873a0e6\" data-element_type=\"widget\" data-e-type=\"widget\" data-widget_type=\"text-editor.default\">\n\t\t\t\t<div class=\"elementor-widget-container\">\n\t\t\t\t\t\t\t\t\t<p>Votre expert en accessibilit\u00e9 r\u00e9sidentielle Savaria peut discuter de vos besoins, de votre maison et de votre mode de vie afin de vous aider \u00e0 choisir les meilleures solutions\u2014pour aujourd&rsquo;hui et pour l&rsquo;avenir!<\/p>\t\t\t\t\t\t\t\t<\/div>\n\t\t\t\t<\/div>\n\t\t\t\t<div class=\"elementor-element elementor-element-c259641 elementor-widget elementor-widget-image\" data-id=\"c259641\" data-element_type=\"widget\" data-e-type=\"widget\" data-widget_type=\"image.default\">\n\t\t\t\t<div class=\"elementor-widget-container\">\n\t\t\t\t\t\t\t\t\t\t\t\t\t\t\t<img loading=\"lazy\" decoding=\"async\" width=\"745\" height=\"1024\" src=\"https:\/\/savariastairlift.com\/wp-content\/uploads\/2023\/10\/contact_findadealer-745x1024.jpg\" class=\"attachment-large size-large wp-image-2858 wvs-archive-product-image\" alt=\"\" srcset=\"https:\/\/savariastairlift.com\/wp-content\/uploads\/2023\/10\/contact_findadealer-745x1024.jpg 745w, https:\/\/savariastairlift.com\/wp-content\/uploads\/2023\/10\/contact_findadealer-218x300.jpg 218w, https:\/\/savariastairlift.com\/wp-content\/uploads\/2023\/10\/contact_findadealer-768x1056.jpg 768w, https:\/\/savariastairlift.com\/wp-content\/uploads\/2023\/10\/contact_findadealer.jpg 800w\" sizes=\"(max-width: 745px) 100vw, 745px\" \/>\t\t\t\t\t\t\t\t\t\t\t\t\t\t\t<\/div>\n\t\t\t\t<\/div>\n\t\t\t\t<\/div>\n\t\t<div class=\"elementor-element elementor-element-61c4984 e-con-full e-flex e-con e-child\" data-id=\"61c4984\" data-element_type=\"container\" data-e-type=\"container\">\n\t\t\t\t<div class=\"elementor-element elementor-element-ea6b789 elementor-widget elementor-widget-html\" data-id=\"ea6b789\" data-element_type=\"widget\" data-e-type=\"widget\" data-widget_type=\"html.default\">\n\t\t\t\t<div class=\"elementor-widget-container\">\n\t\t\t\t\t<iframe class=\"zoho-iframe\" aria-label='Home Access Form' scrolling=\"yes\" style=\"height: 970px;width:100%\" src='https:\/\/forms.savariastairlift.com\/savaria\/form\/HomeAccessForm\/formperma\/6v58U8tXRgKZo5n45EGWb_8a6m2Ju2Z-OtNUk5m6paA?zf_lang=fr&Language=FR&referrername=MainFR'><\/iframe>\t\t\t\t<\/div>\n\t\t\t\t<\/div>\n\t\t\t\t<\/div>\n\t\t\t\t\t<\/div>\n\t\t\t\t<\/div>\n\t\t\t\t<\/div>\n\t\t","protected":false},"excerpt":{"rendered":"<p>Connectez-vous avec un expert en accessibilit\u00e9 r\u00e9sidentielle Savaria pr\u00e8s de chez vous Commencez votre parcours vers une meilleure mobilit\u00e9 Nous avons plus de 1000 distributeurs autoris\u00e9s Savaria \u00e0 travers l&rsquo;Am\u00e9rique du Nord \u2014 et davantage dans le monde entier. Nos experts en accessibilit\u00e9 r\u00e9sidentielle sont soigneusement s\u00e9lectionn\u00e9s et form\u00e9s \u00e0 l&rsquo;installation, \u00e0 l&rsquo;utilisation et \u00e0 [&hellip;]<\/p>\n","protected":false},"author":2,"featured_media":0,"parent":0,"menu_order":0,"comment_status":"closed","ping_status":"closed","template":"elementor_header_footer","meta":{"_acf_changed":false,"footnotes":""},"class_list":["post-2961","page","type-page","status-publish","hentry"],"acf":[],"yoast_head":"<!-- This site is optimized with the Yoast SEO Premium plugin v27.0 (Yoast SEO v27.4) - https:\/\/yoast.com\/product\/yoast-seo-premium-wordpress\/ -->\n<title>Trouvez un revendeur local de monte-escaliers Savaria | Savaria Stairlift<\/title>\n<meta name=\"description\" content=\"Savaria dispose d&#039;un r\u00e9seau de plus de 1000 revendeurs en Am\u00e9rique du Nord. Contactez votre expert Savaria local.\" \/>\n<meta name=\"robots\" content=\"index, follow, max-snippet:-1, max-image-preview:large, max-video-preview:-1\" \/>\n<link rel=\"canonical\" href=\"https:\/\/savariastairlift.com\/fr\/find-a-dealer\/\" \/>\n<meta property=\"og:locale\" content=\"fr_FR\" \/>\n<meta property=\"og:type\" content=\"article\" \/>\n<meta property=\"og:title\" content=\"Trouver un distributeur\" \/>\n<meta property=\"og:description\" content=\"Savaria dispose d&#039;un r\u00e9seau de plus de 1000 revendeurs en Am\u00e9rique du Nord. Contactez votre expert Savaria local.\" \/>\n<meta property=\"og:url\" content=\"https:\/\/savariastairlift.com\/fr\/find-a-dealer\/\" \/>\n<meta property=\"og:site_name\" content=\"Savaria Stairlift\" \/>\n<meta property=\"article:modified_time\" content=\"2025-04-11T18:51:52+00:00\" \/>\n<meta property=\"og:image\" content=\"https:\/\/savariastairlift.com\/wp-content\/uploads\/2023\/08\/FindADealer.jpg\" \/>\n\t<meta property=\"og:image:width\" content=\"600\" \/>\n\t<meta property=\"og:image:height\" content=\"641\" \/>\n\t<meta property=\"og:image:type\" content=\"image\/jpeg\" \/>\n<meta name=\"twitter:card\" content=\"summary_large_image\" \/>\n<meta name=\"twitter:label1\" content=\"Dur\u00e9e de lecture estim\u00e9e\" \/>\n\t<meta name=\"twitter:data1\" content=\"3 minutes\" \/>\n<script type=\"application\/ld+json\" class=\"yoast-schema-graph\">{\"@context\":\"https:\\\/\\\/schema.org\",\"@graph\":[{\"@type\":\"WebPage\",\"@id\":\"https:\\\/\\\/savariastairlift.com\\\/fr\\\/find-a-dealer\\\/\",\"url\":\"https:\\\/\\\/savariastairlift.com\\\/fr\\\/find-a-dealer\\\/\",\"name\":\"Trouvez un revendeur local de monte-escaliers Savaria | Savaria Stairlift\",\"isPartOf\":{\"@id\":\"https:\\\/\\\/savariastairlift.com\\\/fr\\\/#website\"},\"primaryImageOfPage\":{\"@id\":\"https:\\\/\\\/savariastairlift.com\\\/fr\\\/find-a-dealer\\\/#primaryimage\"},\"image\":{\"@id\":\"https:\\\/\\\/savariastairlift.com\\\/fr\\\/find-a-dealer\\\/#primaryimage\"},\"thumbnailUrl\":\"https:\\\/\\\/savariastairlift.com\\\/wp-content\\\/uploads\\\/2023\\\/08\\\/FindADealer.jpg\",\"datePublished\":\"2023-06-28T19:26:07+00:00\",\"dateModified\":\"2025-04-11T18:51:52+00:00\",\"description\":\"Savaria dispose d'un r\u00e9seau de plus de 1000 revendeurs en Am\u00e9rique du Nord. Contactez votre expert Savaria local.\",\"breadcrumb\":{\"@id\":\"https:\\\/\\\/savariastairlift.com\\\/fr\\\/find-a-dealer\\\/#breadcrumb\"},\"inLanguage\":\"fr-FR\",\"potentialAction\":[{\"@type\":\"ReadAction\",\"target\":[\"https:\\\/\\\/savariastairlift.com\\\/fr\\\/find-a-dealer\\\/\"]}]},{\"@type\":\"ImageObject\",\"inLanguage\":\"fr-FR\",\"@id\":\"https:\\\/\\\/savariastairlift.com\\\/fr\\\/find-a-dealer\\\/#primaryimage\",\"url\":\"https:\\\/\\\/savariastairlift.com\\\/wp-content\\\/uploads\\\/2023\\\/08\\\/FindADealer.jpg\",\"contentUrl\":\"https:\\\/\\\/savariastairlift.com\\\/wp-content\\\/uploads\\\/2023\\\/08\\\/FindADealer.jpg\"},{\"@type\":\"BreadcrumbList\",\"@id\":\"https:\\\/\\\/savariastairlift.com\\\/fr\\\/find-a-dealer\\\/#breadcrumb\",\"itemListElement\":[{\"@type\":\"ListItem\",\"position\":1,\"name\":\"Home\",\"item\":\"https:\\\/\\\/savariastairlift.com\\\/fr\\\/\"},{\"@type\":\"ListItem\",\"position\":2,\"name\":\"Trouver un distributeur\"}]},{\"@type\":\"WebSite\",\"@id\":\"https:\\\/\\\/savariastairlift.com\\\/fr\\\/#website\",\"url\":\"https:\\\/\\\/savariastairlift.com\\\/fr\\\/\",\"name\":\"Savaria Stairlift\",\"description\":\"Savaria Home Access\",\"publisher\":{\"@id\":\"https:\\\/\\\/savariastairlift.com\\\/fr\\\/#organization\"},\"potentialAction\":[{\"@type\":\"SearchAction\",\"target\":{\"@type\":\"EntryPoint\",\"urlTemplate\":\"https:\\\/\\\/savariastairlift.com\\\/fr\\\/?s={search_term_string}\"},\"query-input\":{\"@type\":\"PropertyValueSpecification\",\"valueRequired\":true,\"valueName\":\"search_term_string\"}}],\"inLanguage\":\"fr-FR\"},{\"@type\":\"Organization\",\"@id\":\"https:\\\/\\\/savariastairlift.com\\\/fr\\\/#organization\",\"name\":\"Savaria Stairlift\",\"url\":\"https:\\\/\\\/savariastairlift.com\\\/fr\\\/\",\"logo\":{\"@type\":\"ImageObject\",\"inLanguage\":\"fr-FR\",\"@id\":\"https:\\\/\\\/savariastairlift.com\\\/fr\\\/#\\\/schema\\\/logo\\\/image\\\/\",\"url\":\"https:\\\/\\\/savariastairlift.com\\\/wp-content\\\/uploads\\\/2023\\\/06\\\/Savaria-Logo-Green.svg\",\"contentUrl\":\"https:\\\/\\\/savariastairlift.com\\\/wp-content\\\/uploads\\\/2023\\\/06\\\/Savaria-Logo-Green.svg\",\"width\":400,\"height\":76,\"caption\":\"Savaria Stairlift\"},\"image\":{\"@id\":\"https:\\\/\\\/savariastairlift.com\\\/fr\\\/#\\\/schema\\\/logo\\\/image\\\/\"}}]}<\/script>\n<!-- \/ Yoast SEO Premium plugin. -->","yoast_head_json":{"title":"Trouvez un revendeur local de monte-escaliers Savaria | Savaria Stairlift","description":"Savaria dispose d'un r\u00e9seau de plus de 1000 revendeurs en Am\u00e9rique du Nord. Contactez votre expert Savaria local.","robots":{"index":"index","follow":"follow","max-snippet":"max-snippet:-1","max-image-preview":"max-image-preview:large","max-video-preview":"max-video-preview:-1"},"canonical":"https:\/\/savariastairlift.com\/fr\/find-a-dealer\/","og_locale":"fr_FR","og_type":"article","og_title":"Trouver un distributeur","og_description":"Savaria dispose d'un r\u00e9seau de plus de 1000 revendeurs en Am\u00e9rique du Nord. Contactez votre expert Savaria local.","og_url":"https:\/\/savariastairlift.com\/fr\/find-a-dealer\/","og_site_name":"Savaria Stairlift","article_modified_time":"2025-04-11T18:51:52+00:00","og_image":[{"width":600,"height":641,"url":"https:\/\/savariastairlift.com\/wp-content\/uploads\/2023\/08\/FindADealer.jpg","type":"image\/jpeg"}],"twitter_card":"summary_large_image","twitter_misc":{"Dur\u00e9e de lecture estim\u00e9e":"3 minutes"},"schema":{"@context":"https:\/\/schema.org","@graph":[{"@type":"WebPage","@id":"https:\/\/savariastairlift.com\/fr\/find-a-dealer\/","url":"https:\/\/savariastairlift.com\/fr\/find-a-dealer\/","name":"Trouvez un revendeur local de monte-escaliers Savaria | Savaria Stairlift","isPartOf":{"@id":"https:\/\/savariastairlift.com\/fr\/#website"},"primaryImageOfPage":{"@id":"https:\/\/savariastairlift.com\/fr\/find-a-dealer\/#primaryimage"},"image":{"@id":"https:\/\/savariastairlift.com\/fr\/find-a-dealer\/#primaryimage"},"thumbnailUrl":"https:\/\/savariastairlift.com\/wp-content\/uploads\/2023\/08\/FindADealer.jpg","datePublished":"2023-06-28T19:26:07+00:00","dateModified":"2025-04-11T18:51:52+00:00","description":"Savaria dispose d'un r\u00e9seau de plus de 1000 revendeurs en Am\u00e9rique du Nord. Contactez votre expert Savaria local.","breadcrumb":{"@id":"https:\/\/savariastairlift.com\/fr\/find-a-dealer\/#breadcrumb"},"inLanguage":"fr-FR","potentialAction":[{"@type":"ReadAction","target":["https:\/\/savariastairlift.com\/fr\/find-a-dealer\/"]}]},{"@type":"ImageObject","inLanguage":"fr-FR","@id":"https:\/\/savariastairlift.com\/fr\/find-a-dealer\/#primaryimage","url":"https:\/\/savariastairlift.com\/wp-content\/uploads\/2023\/08\/FindADealer.jpg","contentUrl":"https:\/\/savariastairlift.com\/wp-content\/uploads\/2023\/08\/FindADealer.jpg"},{"@type":"BreadcrumbList","@id":"https:\/\/savariastairlift.com\/fr\/find-a-dealer\/#breadcrumb","itemListElement":[{"@type":"ListItem","position":1,"name":"Home","item":"https:\/\/savariastairlift.com\/fr\/"},{"@type":"ListItem","position":2,"name":"Trouver un distributeur"}]},{"@type":"WebSite","@id":"https:\/\/savariastairlift.com\/fr\/#website","url":"https:\/\/savariastairlift.com\/fr\/","name":"Savaria Stairlift","description":"Savaria Home Access","publisher":{"@id":"https:\/\/savariastairlift.com\/fr\/#organization"},"potentialAction":[{"@type":"SearchAction","target":{"@type":"EntryPoint","urlTemplate":"https:\/\/savariastairlift.com\/fr\/?s={search_term_string}"},"query-input":{"@type":"PropertyValueSpecification","valueRequired":true,"valueName":"search_term_string"}}],"inLanguage":"fr-FR"},{"@type":"Organization","@id":"https:\/\/savariastairlift.com\/fr\/#organization","name":"Savaria Stairlift","url":"https:\/\/savariastairlift.com\/fr\/","logo":{"@type":"ImageObject","inLanguage":"fr-FR","@id":"https:\/\/savariastairlift.com\/fr\/#\/schema\/logo\/image\/","url":"https:\/\/savariastairlift.com\/wp-content\/uploads\/2023\/06\/Savaria-Logo-Green.svg","contentUrl":"https:\/\/savariastairlift.com\/wp-content\/uploads\/2023\/06\/Savaria-Logo-Green.svg","width":400,"height":76,"caption":"Savaria Stairlift"},"image":{"@id":"https:\/\/savariastairlift.com\/fr\/#\/schema\/logo\/image\/"}}]}},"_links":{"self":[{"href":"https:\/\/savariastairlift.com\/fr\/wp-json\/wp\/v2\/pages\/2961","targetHints":{"allow":["GET"]}}],"collection":[{"href":"https:\/\/savariastairlift.com\/fr\/wp-json\/wp\/v2\/pages"}],"about":[{"href":"https:\/\/savariastairlift.com\/fr\/wp-json\/wp\/v2\/types\/page"}],"author":[{"embeddable":true,"href":"https:\/\/savariastairlift.com\/fr\/wp-json\/wp\/v2\/users\/2"}],"replies":[{"embeddable":true,"href":"https:\/\/savariastairlift.com\/fr\/wp-json\/wp\/v2\/comments?post=2961"}],"version-history":[{"count":0,"href":"https:\/\/savariastairlift.com\/fr\/wp-json\/wp\/v2\/pages\/2961\/revisions"}],"wp:attachment":[{"href":"https:\/\/savariastairlift.com\/fr\/wp-json\/wp\/v2\/media?parent=2961"}],"curies":[{"name":"wp","href":"https:\/\/api.w.org\/{rel}","templated":true}]}}