{"id":3009,"date":"2023-08-16T15:50:58","date_gmt":"2023-08-16T19:50:58","guid":{"rendered":"https:\/\/savariastairlift.com\/product\/savaria-delta-straight-inclined-platform-lift\/"},"modified":"2024-12-12T15:06:24","modified_gmt":"2024-12-12T20:06:24","slug":"savaria-delta-straight-inclined-platform-lift","status":"publish","type":"product","link":"https:\/\/savariastairlift.com\/fr\/product\/savaria-delta-straight-inclined-platform-lift\/","title":{"rendered":"Plate-forme \u00e9l\u00e9vatrice inclin\u00e9e droite Delta Savaria"},"content":{"rendered":"<h2 class=\"tabber-h2\"><span style=\"color: #7f8082;\">Fiabilit\u00e9 des plates-formes \u00e9l\u00e9vatrices commerciales<\/span><\/h2>\n<p>La plate-forme Delta offre une construction durable et des composants fiables qui r\u00e9sistent \u00e0 une utilisation quotidienne, m\u00eame dans des environnements commerciaux. C&rsquo;est une option populaire pour les \u00e9glises, les \u00e9coles, les restaurants et d&rsquo;autres b\u00e2timents publics, vous savez donc qu&rsquo;il vous fournira des ann\u00e9es de service fiable chez vous.<\/p>\n<p>En tant que chef de file mondial en accessibilit\u00e9, chaque Delta que nous fabriquons pour un usage r\u00e9sidentiel est soumis aux m\u00eames normes rigoureuses d&rsquo;assurance qualit\u00e9 que celles appliqu\u00e9es \u00e0 nos produits destin\u00e9s aux applications commerciales.<\/p>\n<h2 class=\"tabber-h2\"><span style=\"color: #7f8082;\">Comment fonctionne le si\u00e8ge d&rsquo;escalier Delta?<\/span><\/h2>\n<p>Le Delta se d\u00e9place sur des rails finement finis\u2014gris clair standard pour les applications int\u00e9rieures et en acier inoxydable pour les applications ext\u00e9rieures\u2014avec le moteur log\u00e9 dans le syst\u00e8me, de sorte qu&rsquo;aucune salle des machines n&rsquo;est requise.<\/p>\n<p>L&rsquo;unit\u00e9 utilise des boutons \u00e0 pression constante et est \u00e9quip\u00e9e d&rsquo;une plate-forme manuelle repliable standard (vous pouvez opter pour des bras et une plate-forme repliables \u00e9lectriquement si souhait\u00e9) avec des commandes par pendentif et une op\u00e9ration par cl\u00e9 pour une s\u00e9curit\u00e9 accrue. Les configurations standard comprennent l&rsquo;entr\u00e9e\/sortie droite ou lat\u00e9rale (90 degr\u00e9s).<\/p>\n<table class=\"single-product-table\">\n<tbody>\n<tr>\n<td><img decoding=\"async\" class=\"image-svg\" role=\"img\" src=\"\/wp-content\/uploads\/2023\/08\/Icon-Safety.svg\" alt=\"S\u00e9curit\u00e9 \u00e0 chaque \u00e9tape\" \/><\/td>\n<td>\n<h2 class=\"tabber-h2\"><span style=\"color: #7f8082;\">S\u00e9curit\u00e9 \u00e0 chaque \u00e9tape<\/span><\/h2>\n<p>Le Savaria Delta est con\u00e7u pour garantir la s\u00e9curit\u00e9 de ses passagers avec des caract\u00e9ristiques telles que:<\/p>\n<ul>\n<li>Syst\u00e8me de capteurs d&rsquo;obstruction sur la plate-forme<\/li>\n<li>Plate-forme antid\u00e9rapante avec bords de s\u00e9curit\u00e9<\/li>\n<li>Limiteur de vitesse<\/li>\n<li>Dispositif de descente manuelle<\/li>\n<li>Acc\u00e8s par cl\u00e9 pour les stations d&rsquo;appel<\/li>\n<li>Bouton d&rsquo;arr\u00eat d&rsquo;urgence<\/li>\n<\/ul>\n<\/td>\n<\/tr>\n<\/tbody>\n<\/table>\n<p>&nbsp;<\/p>\n","protected":false},"excerpt":{"rendered":"<h2 class=\"tabber-h2\"><span style=\"color: #7f8082;\">Accessibilit\u00e9 simple et abordable pour un escalier droit<\/span><\/h2>\n<p>C&rsquo;est comme un si\u00e8ge d&rsquo;escalier pour votre fauteuil roulant! Le Savaria Delta est con\u00e7u pour fournir un acc\u00e8s facile aux fauteuils roulants en montant et descendant un escalier droit, que ce soit \u00e0 l&rsquo;int\u00e9rieur ou \u00e0 l&rsquo;ext\u00e9rieur. C&rsquo;est une solution fantastique, car son installation est simple et n\u00e9cessite g\u00e9n\u00e9ralement peu de construction ou de perturbation de votre vie quotidienne.<\/p>\n<p>Le Delta se d\u00e9place le long d&rsquo;un syst\u00e8me de rails modulaires, et lorsqu&rsquo;il n&rsquo;est pas utilis\u00e9, l&rsquo;unit\u00e9 se plie \u00e0 une largeur compacte de 18&Prime;, laissant beaucoup d&rsquo;acc\u00e8s aux escaliers pour les autres membres de votre foyer. De plus, une alimentation de secours par batterie garantit que vous pourrez toujours utiliser votre si\u00e8ge d&rsquo;escalier en cas de panne de courant.<\/p>\n","protected":false},"featured_media":2495,"template":"","meta":{"_acf_changed":false},"product_brand":[],"product_cat":[139],"product_tag":[],"class_list":{"0":"post-3009","1":"product","2":"type-product","3":"status-publish","4":"has-post-thumbnail","6":"product_cat-wheelchair-lifts-fr","8":"first","9":"instock","10":"shipping-taxable","11":"purchasable","12":"product-type-simple"},"acf":[],"yoast_head":"<!-- This site is optimized with the Yoast SEO Premium plugin v27.0 (Yoast SEO v27.4) - https:\/\/yoast.com\/product\/yoast-seo-premium-wordpress\/ -->\n<title>Plate-forme \u00e9l\u00e9vatrice inclin\u00e9e droite Savaria Delta | Savaria Stairlift<\/title>\n<meta name=\"description\" content=\"D\u00e9couvrez la plate-forme \u00e9l\u00e9vatrice inclin\u00e9e droite Savaria Delta, une solution abordable pour assurer l\u2019acc\u00e8s en fauteuil roulant, aussi bien en int\u00e9rieur qu\u2019en ext\u00e9rieur.\" \/>\n<meta name=\"robots\" content=\"index, follow, max-snippet:-1, max-image-preview:large, max-video-preview:-1\" \/>\n<link rel=\"canonical\" href=\"https:\/\/savariastairlift.com\/fr\/product\/savaria-delta-straight-inclined-platform-lift\/\" \/>\n<meta property=\"og:locale\" content=\"fr_FR\" \/>\n<meta property=\"og:type\" content=\"article\" \/>\n<meta property=\"og:title\" content=\"Plate-forme \u00e9l\u00e9vatrice inclin\u00e9e droite Delta Savaria\" \/>\n<meta property=\"og:description\" content=\"D\u00e9couvrez la plate-forme \u00e9l\u00e9vatrice inclin\u00e9e droite Savaria Delta, une solution abordable pour assurer l\u2019acc\u00e8s en fauteuil roulant, aussi bien en int\u00e9rieur qu\u2019en ext\u00e9rieur.\" \/>\n<meta property=\"og:url\" content=\"https:\/\/savariastairlift.com\/fr\/product\/savaria-delta-straight-inclined-platform-lift\/\" \/>\n<meta property=\"og:site_name\" content=\"Savaria Stairlift\" \/>\n<meta property=\"article:modified_time\" content=\"2024-12-12T20:06:24+00:00\" \/>\n<meta property=\"og:image\" content=\"https:\/\/savariastairlift.com\/wp-content\/uploads\/2023\/08\/WheelChairProducts-Delta.jpg\" \/>\n\t<meta property=\"og:image:width\" content=\"600\" \/>\n\t<meta property=\"og:image:height\" content=\"800\" \/>\n\t<meta property=\"og:image:type\" content=\"image\/jpeg\" \/>\n<meta name=\"twitter:card\" content=\"summary_large_image\" \/>\n<meta name=\"twitter:label1\" content=\"Dur\u00e9e de lecture estim\u00e9e\" \/>\n\t<meta name=\"twitter:data1\" content=\"2 minutes\" \/>\n<script type=\"application\/ld+json\" class=\"yoast-schema-graph\">{\"@context\":\"https:\\\/\\\/schema.org\",\"@graph\":[{\"@type\":\"WebPage\",\"@id\":\"https:\\\/\\\/savariastairlift.com\\\/fr\\\/product\\\/savaria-delta-straight-inclined-platform-lift\\\/\",\"url\":\"https:\\\/\\\/savariastairlift.com\\\/fr\\\/product\\\/savaria-delta-straight-inclined-platform-lift\\\/\",\"name\":\"Plate-forme \u00e9l\u00e9vatrice inclin\u00e9e droite Savaria Delta | Savaria Stairlift\",\"isPartOf\":{\"@id\":\"https:\\\/\\\/savariastairlift.com\\\/fr\\\/#website\"},\"primaryImageOfPage\":{\"@id\":\"https:\\\/\\\/savariastairlift.com\\\/fr\\\/product\\\/savaria-delta-straight-inclined-platform-lift\\\/#primaryimage\"},\"image\":{\"@id\":\"https:\\\/\\\/savariastairlift.com\\\/fr\\\/product\\\/savaria-delta-straight-inclined-platform-lift\\\/#primaryimage\"},\"thumbnailUrl\":\"https:\\\/\\\/savariastairlift.com\\\/wp-content\\\/uploads\\\/2023\\\/08\\\/WheelChairProducts-Delta.jpg\",\"datePublished\":\"2023-08-16T19:50:58+00:00\",\"dateModified\":\"2024-12-12T20:06:24+00:00\",\"description\":\"D\u00e9couvrez la plate-forme \u00e9l\u00e9vatrice inclin\u00e9e droite Savaria Delta, une solution abordable pour assurer l\u2019acc\u00e8s en fauteuil roulant, aussi bien en int\u00e9rieur qu\u2019en ext\u00e9rieur.\",\"breadcrumb\":{\"@id\":\"https:\\\/\\\/savariastairlift.com\\\/fr\\\/product\\\/savaria-delta-straight-inclined-platform-lift\\\/#breadcrumb\"},\"inLanguage\":\"fr-FR\",\"potentialAction\":[{\"@type\":\"ReadAction\",\"target\":[\"https:\\\/\\\/savariastairlift.com\\\/fr\\\/product\\\/savaria-delta-straight-inclined-platform-lift\\\/\"]}]},{\"@type\":\"ImageObject\",\"inLanguage\":\"fr-FR\",\"@id\":\"https:\\\/\\\/savariastairlift.com\\\/fr\\\/product\\\/savaria-delta-straight-inclined-platform-lift\\\/#primaryimage\",\"url\":\"https:\\\/\\\/savariastairlift.com\\\/wp-content\\\/uploads\\\/2023\\\/08\\\/WheelChairProducts-Delta.jpg\",\"contentUrl\":\"https:\\\/\\\/savariastairlift.com\\\/wp-content\\\/uploads\\\/2023\\\/08\\\/WheelChairProducts-Delta.jpg\",\"width\":600,\"height\":800,\"caption\":\"Savaria Delta Straight Inclined Platform Lift\"},{\"@type\":\"BreadcrumbList\",\"@id\":\"https:\\\/\\\/savariastairlift.com\\\/fr\\\/product\\\/savaria-delta-straight-inclined-platform-lift\\\/#breadcrumb\",\"itemListElement\":[{\"@type\":\"ListItem\",\"position\":1,\"name\":\"Home\",\"item\":\"https:\\\/\\\/savariastairlift.com\\\/fr\\\/\"},{\"@type\":\"ListItem\",\"position\":2,\"name\":\"Produits\",\"item\":\"https:\\\/\\\/savariastairlift.com\\\/fr\\\/shop\\\/\"},{\"@type\":\"ListItem\",\"position\":3,\"name\":\"Plate-forme \u00e9l\u00e9vatrice inclin\u00e9e droite Delta Savaria\"}]},{\"@type\":\"WebSite\",\"@id\":\"https:\\\/\\\/savariastairlift.com\\\/fr\\\/#website\",\"url\":\"https:\\\/\\\/savariastairlift.com\\\/fr\\\/\",\"name\":\"Savaria Stairlift\",\"description\":\"Savaria Home Access\",\"publisher\":{\"@id\":\"https:\\\/\\\/savariastairlift.com\\\/fr\\\/#organization\"},\"potentialAction\":[{\"@type\":\"SearchAction\",\"target\":{\"@type\":\"EntryPoint\",\"urlTemplate\":\"https:\\\/\\\/savariastairlift.com\\\/fr\\\/?s={search_term_string}\"},\"query-input\":{\"@type\":\"PropertyValueSpecification\",\"valueRequired\":true,\"valueName\":\"search_term_string\"}}],\"inLanguage\":\"fr-FR\"},{\"@type\":\"Organization\",\"@id\":\"https:\\\/\\\/savariastairlift.com\\\/fr\\\/#organization\",\"name\":\"Savaria Stairlift\",\"url\":\"https:\\\/\\\/savariastairlift.com\\\/fr\\\/\",\"logo\":{\"@type\":\"ImageObject\",\"inLanguage\":\"fr-FR\",\"@id\":\"https:\\\/\\\/savariastairlift.com\\\/fr\\\/#\\\/schema\\\/logo\\\/image\\\/\",\"url\":\"https:\\\/\\\/savariastairlift.com\\\/wp-content\\\/uploads\\\/2023\\\/06\\\/Savaria-Logo-Green.svg\",\"contentUrl\":\"https:\\\/\\\/savariastairlift.com\\\/wp-content\\\/uploads\\\/2023\\\/06\\\/Savaria-Logo-Green.svg\",\"width\":400,\"height\":76,\"caption\":\"Savaria Stairlift\"},\"image\":{\"@id\":\"https:\\\/\\\/savariastairlift.com\\\/fr\\\/#\\\/schema\\\/logo\\\/image\\\/\"}}]}<\/script>\n<!-- \/ Yoast SEO Premium plugin. -->","yoast_head_json":{"title":"Plate-forme \u00e9l\u00e9vatrice inclin\u00e9e droite Savaria Delta | Savaria Stairlift","description":"D\u00e9couvrez la plate-forme \u00e9l\u00e9vatrice inclin\u00e9e droite Savaria Delta, une solution abordable pour assurer l\u2019acc\u00e8s en fauteuil roulant, aussi bien en int\u00e9rieur qu\u2019en ext\u00e9rieur.","robots":{"index":"index","follow":"follow","max-snippet":"max-snippet:-1","max-image-preview":"max-image-preview:large","max-video-preview":"max-video-preview:-1"},"canonical":"https:\/\/savariastairlift.com\/fr\/product\/savaria-delta-straight-inclined-platform-lift\/","og_locale":"fr_FR","og_type":"article","og_title":"Plate-forme \u00e9l\u00e9vatrice inclin\u00e9e droite Delta Savaria","og_description":"D\u00e9couvrez la plate-forme \u00e9l\u00e9vatrice inclin\u00e9e droite Savaria Delta, une solution abordable pour assurer l\u2019acc\u00e8s en fauteuil roulant, aussi bien en int\u00e9rieur qu\u2019en ext\u00e9rieur.","og_url":"https:\/\/savariastairlift.com\/fr\/product\/savaria-delta-straight-inclined-platform-lift\/","og_site_name":"Savaria Stairlift","article_modified_time":"2024-12-12T20:06:24+00:00","og_image":[{"width":600,"height":800,"url":"https:\/\/savariastairlift.com\/wp-content\/uploads\/2023\/08\/WheelChairProducts-Delta.jpg","type":"image\/jpeg"}],"twitter_card":"summary_large_image","twitter_misc":{"Dur\u00e9e de lecture estim\u00e9e":"2 minutes"},"schema":{"@context":"https:\/\/schema.org","@graph":[{"@type":"WebPage","@id":"https:\/\/savariastairlift.com\/fr\/product\/savaria-delta-straight-inclined-platform-lift\/","url":"https:\/\/savariastairlift.com\/fr\/product\/savaria-delta-straight-inclined-platform-lift\/","name":"Plate-forme \u00e9l\u00e9vatrice inclin\u00e9e droite Savaria Delta | Savaria Stairlift","isPartOf":{"@id":"https:\/\/savariastairlift.com\/fr\/#website"},"primaryImageOfPage":{"@id":"https:\/\/savariastairlift.com\/fr\/product\/savaria-delta-straight-inclined-platform-lift\/#primaryimage"},"image":{"@id":"https:\/\/savariastairlift.com\/fr\/product\/savaria-delta-straight-inclined-platform-lift\/#primaryimage"},"thumbnailUrl":"https:\/\/savariastairlift.com\/wp-content\/uploads\/2023\/08\/WheelChairProducts-Delta.jpg","datePublished":"2023-08-16T19:50:58+00:00","dateModified":"2024-12-12T20:06:24+00:00","description":"D\u00e9couvrez la plate-forme \u00e9l\u00e9vatrice inclin\u00e9e droite Savaria Delta, une solution abordable pour assurer l\u2019acc\u00e8s en fauteuil roulant, aussi bien en int\u00e9rieur qu\u2019en ext\u00e9rieur.","breadcrumb":{"@id":"https:\/\/savariastairlift.com\/fr\/product\/savaria-delta-straight-inclined-platform-lift\/#breadcrumb"},"inLanguage":"fr-FR","potentialAction":[{"@type":"ReadAction","target":["https:\/\/savariastairlift.com\/fr\/product\/savaria-delta-straight-inclined-platform-lift\/"]}]},{"@type":"ImageObject","inLanguage":"fr-FR","@id":"https:\/\/savariastairlift.com\/fr\/product\/savaria-delta-straight-inclined-platform-lift\/#primaryimage","url":"https:\/\/savariastairlift.com\/wp-content\/uploads\/2023\/08\/WheelChairProducts-Delta.jpg","contentUrl":"https:\/\/savariastairlift.com\/wp-content\/uploads\/2023\/08\/WheelChairProducts-Delta.jpg","width":600,"height":800,"caption":"Savaria Delta Straight Inclined Platform Lift"},{"@type":"BreadcrumbList","@id":"https:\/\/savariastairlift.com\/fr\/product\/savaria-delta-straight-inclined-platform-lift\/#breadcrumb","itemListElement":[{"@type":"ListItem","position":1,"name":"Home","item":"https:\/\/savariastairlift.com\/fr\/"},{"@type":"ListItem","position":2,"name":"Produits","item":"https:\/\/savariastairlift.com\/fr\/shop\/"},{"@type":"ListItem","position":3,"name":"Plate-forme \u00e9l\u00e9vatrice inclin\u00e9e droite Delta Savaria"}]},{"@type":"WebSite","@id":"https:\/\/savariastairlift.com\/fr\/#website","url":"https:\/\/savariastairlift.com\/fr\/","name":"Savaria Stairlift","description":"Savaria Home Access","publisher":{"@id":"https:\/\/savariastairlift.com\/fr\/#organization"},"potentialAction":[{"@type":"SearchAction","target":{"@type":"EntryPoint","urlTemplate":"https:\/\/savariastairlift.com\/fr\/?s={search_term_string}"},"query-input":{"@type":"PropertyValueSpecification","valueRequired":true,"valueName":"search_term_string"}}],"inLanguage":"fr-FR"},{"@type":"Organization","@id":"https:\/\/savariastairlift.com\/fr\/#organization","name":"Savaria Stairlift","url":"https:\/\/savariastairlift.com\/fr\/","logo":{"@type":"ImageObject","inLanguage":"fr-FR","@id":"https:\/\/savariastairlift.com\/fr\/#\/schema\/logo\/image\/","url":"https:\/\/savariastairlift.com\/wp-content\/uploads\/2023\/06\/Savaria-Logo-Green.svg","contentUrl":"https:\/\/savariastairlift.com\/wp-content\/uploads\/2023\/06\/Savaria-Logo-Green.svg","width":400,"height":76,"caption":"Savaria Stairlift"},"image":{"@id":"https:\/\/savariastairlift.com\/fr\/#\/schema\/logo\/image\/"}}]}},"_links":{"self":[{"href":"https:\/\/savariastairlift.com\/fr\/wp-json\/wp\/v2\/product\/3009","targetHints":{"allow":["GET"]}}],"collection":[{"href":"https:\/\/savariastairlift.com\/fr\/wp-json\/wp\/v2\/product"}],"about":[{"href":"https:\/\/savariastairlift.com\/fr\/wp-json\/wp\/v2\/types\/product"}],"version-history":[{"count":0,"href":"https:\/\/savariastairlift.com\/fr\/wp-json\/wp\/v2\/product\/3009\/revisions"}],"wp:featuredmedia":[{"embeddable":true,"href":"https:\/\/savariastairlift.com\/fr\/wp-json\/wp\/v2\/media\/2495"}],"wp:attachment":[{"href":"https:\/\/savariastairlift.com\/fr\/wp-json\/wp\/v2\/media?parent=3009"}],"wp:term":[{"taxonomy":"product_brand","embeddable":true,"href":"https:\/\/savariastairlift.com\/fr\/wp-json\/wp\/v2\/product_brand?post=3009"},{"taxonomy":"product_cat","embeddable":true,"href":"https:\/\/savariastairlift.com\/fr\/wp-json\/wp\/v2\/product_cat?post=3009"},{"taxonomy":"product_tag","embeddable":true,"href":"https:\/\/savariastairlift.com\/fr\/wp-json\/wp\/v2\/product_tag?post=3009"}],"curies":[{"name":"wp","href":"https:\/\/api.w.org\/{rel}","templated":true}]}}