{"id":3012,"date":"2023-08-16T15:53:30","date_gmt":"2023-08-16T19:53:30","guid":{"rendered":"https:\/\/savariastairlift.com\/product\/savaria-telecab-through-floor-lifts\/"},"modified":"2025-01-15T09:36:35","modified_gmt":"2025-01-15T14:36:35","slug":"savaria-telecab-through-floor-lifts","status":"publish","type":"product","link":"https:\/\/savariastairlift.com\/fr\/product\/savaria-telecab-through-floor-lifts\/","title":{"rendered":"Plate-forme \u00e9l\u00e9vatrice passant \u00e0 travers le plancher Telecab Savaria"},"content":{"rendered":"<h2 class=\"tabber-h2\"><span style=\"color: #7f8082;\">Deux mod\u00e8les, deux capacit\u00e9s<\/span><\/h2>\n<p>Avec deux mod\u00e8les enti\u00e8rement accessibles aux fauteuils roulants, la famille Telecab offre un look \u00e9l\u00e9gant et moderne avec une cabine ferm\u00e9e et des panneaux en acrylique qui cr\u00e9ent une ambiance lumineuse et a\u00e9r\u00e9e pendant que vous profitez d\u2019un trajet doux et silencieux.<\/p>\n<p>La Telecab original offre une capacit\u00e9 de 500 lb et jusqu&rsquo;\u00e0 23&prime; de trajet. Son petit encombrement n\u00e9cessite une d\u00e9coupe de sol minimale de 36&Prime; x 60,5&Prime;. Plusieurs tailles de cabine et configurations sont disponibles, y compris l&rsquo;entr\u00e9e\/sortie droite et du m\u00eame c\u00f4t\u00e9.<\/p>\n<p>Le mod\u00e8le Telecab 17 offre une capacit\u00e9 de 850 lb, parfait pour des \u00e9quipements de mobilit\u00e9 plus lourds. Ce mod\u00e8le de plus haute capacit\u00e9 n\u00e9cessite une d\u00e9coupe de sol minimale de 60,5&Prime; x 35,25&Prime;. Deux tailles de cabine sont disponibles, y compris une cabine de 36&Prime; x 54&Prime; lorsque vous avez besoin de plus d&rsquo;espace.<\/p>\n<table class=\"single-product-table\">\n<tbody>\n<tr>\n<td><img decoding=\"async\" class=\"image-svg\" role=\"img\" src=\"\/wp-content\/uploads\/2023\/10\/Product-Telecab-50.svg\" alt=\"Le Telecab est-il une plate-forme \u00e9l\u00e9vatrice pour fauteuil roulant?\" \/><\/td>\n<td>\n<h2 class=\"tabber-h2\"><span style=\"color: #7f8082;\">Le Telecab est-il une plate-forme \u00e9l\u00e9vatrice pour fauteuil roulant?<\/span><\/h2>\n<p>Certains fabricants qualifient leurs plates-formes \u00e9l\u00e9vatrices passant \u00e0 travers le plancher accessibles aux fauteuils roulants d&rsquo;ascenseurs pour fauteuil roulant. Cependant, ces produits fonctionnent avec des commandes \u00e0 pression constante ou \u00abmaintenir pour faire fonctionner\u00bb, tout comme le Telecab. Pour faire monter\/descendre l&rsquo;ascenseur, vous devez appuyer et maintenir les boutons dans la cabine.<\/p>\n<p>Techniquement, cela fait du Telecab, et de produits similaires, une plate-forme \u00e9l\u00e9vatrice\u2014m\u00eame s&rsquo;il ressemble \u00e0 un ascenseur r\u00e9sidentiel.<\/p>\n<p>La bonne nouvelle est que de nombreuses juridictions offrent des cr\u00e9dits d&rsquo;imp\u00f4t ou des programmes de financement qui peuvent aider \u00e0 financer une plate-forme \u00e9l\u00e9vatrice, mais ces m\u00eames programmes ne couvriront pas un ascenseur r\u00e9sidentiel.<\/td>\n<\/tr>\n<tr>\n<td><img decoding=\"async\" class=\"image-svg\" role=\"img\" src=\"\/wp-content\/uploads\/2023\/08\/Icon-Safety.svg\" alt=\"Proven reliability and safety\" \/><\/td>\n<td>\n<h2 class=\"tabber-h2\"><span style=\"color: #7f8082;\">Fiabilit\u00e9 et s\u00e9curit\u00e9 \u00e9prouv\u00e9es<\/span><\/h2>\n<p>Le Telecab de Savaria est construit sur le m\u00eame syst\u00e8me de propulsion que notre populaire et robuste <a href=\"https:\/\/savariastairlift.com\/fr\/product\/savaria-v-1504-vertical-platform-lift\/\">plate-forme \u00e9l\u00e9vatrice V-1504<\/a> et dispose d&rsquo;un syst\u00e8me hydraulique robuste et fiable enferm\u00e9 dans une tour, \u00e9liminant ainsi le besoin d&rsquo;une salle des machines s\u00e9par\u00e9e.<\/p>\n<p>Le Telecab est facile \u00e0 utiliser avec des commandes \u00e0 pression constante et un acc\u00e8s sans cl\u00e9 ou avec cl\u00e9 sur la cabine et les stations d&rsquo;appel. Il est \u00e9galement \u00e9quip\u00e9 de nombreuses fonctionnalit\u00e9s de s\u00e9curit\u00e9, notamment:<\/p>\n<ul>\n<li>\u00c9clairage int\u00e9rieur<\/li>\n<li>Boutons d&rsquo;arr\u00eat d&rsquo;urgence et d&rsquo;alarme<\/li>\n<li>Descente sur batterie en cas de panne de courant, ainsi que descente manuelle d&rsquo;urgence<\/li>\n<li>T\u00e9l\u00e9phone dans la cabine<\/li>\n<li>Plate-forme antid\u00e9rapante<\/li>\n<li>Capteurs en haut et sous la plate-forme pour arr\u00eater l&rsquo;unit\u00e9 en cas d&rsquo;obstruction<\/li>\n<li>Vanne de d\u00e9charge de pression pour \u00e9viter la surcharge de la plate-forme<\/li>\n<li>Verrouillage de porte<\/li>\n<li>Dispositif de s\u00e9curit\u00e9 de cha\u00eene l\u00e2che<\/li>\n<li>Alimentation de secours par batterie en option pour jusqu&rsquo;\u00e0 5 trajets aller-retour en cas de panne de courant<\/li>\n<\/ul>\n<\/td>\n<\/tr>\n<\/tbody>\n<\/table>\n","protected":false},"excerpt":{"rendered":"<h2 class=\"tabber-h2\"><span style=\"color: #7f8082;\">Une alternative peu encombrante \u00e0 un ascenseur r\u00e9sidentiel complet<\/span><\/h2>\n<p>Si vous utilisez un d\u00e9ambulateur, un rollator, un fauteuil roulant ou un autre aide \u00e0 la mobilit\u00e9, le transfert vers et depuis un si\u00e8ge d&rsquo;escalier chaque jour peut ne pas \u00eatre pratique. La famille innovatrice de plate-forme \u00e9l\u00e9vatrice Telecab Savaria permet un acc\u00e8s facile entre deux \u00e9tages de votre maison tout en vous permettant d&rsquo;utiliser cet \u00e9quipement de mobilit\u00e9 dans toute votre maison.<\/p>\n<p>Ces plates-formes innovantes \u00abapparaissent\u00bb et \u00abdisparaissent\u00bb \u00e0 travers une ouverture dans le sol. Vous b\u00e9n\u00e9ficiez d\u2019un acc\u00e8s facile entre les \u00e9tages sans sacrifier d\u2019espace de vie \u00e0 un puits d\u2019ascenseur cach\u00e9. En tant qu&rsquo;unit\u00e9 autoportante, il n\u2019est pas n\u00e9cessaire de supporter les frais et les tracas de la construction d&rsquo;un puits ou d&rsquo;une fosse d&rsquo;ascenseur. Tout ce dont vous avez besoin est un mur de soutien et une d\u00e9coupe dans le sol.<\/p>\n","protected":false},"featured_media":2746,"template":"","meta":{"_acf_changed":false},"product_brand":[],"product_cat":[140],"product_tag":[],"class_list":{"0":"post-3012","1":"product","2":"type-product","3":"status-publish","4":"has-post-thumbnail","6":"product_cat-other-products-fr","8":"first","9":"instock","10":"shipping-taxable","11":"purchasable","12":"product-type-simple"},"acf":[],"yoast_head":"<!-- This site is optimized with the Yoast SEO Premium plugin v27.0 (Yoast SEO v27.4) - https:\/\/yoast.com\/product\/yoast-seo-premium-wordpress\/ -->\n<title>Plate-forme \u00e9l\u00e9vatrice \u00e0 travers le plancher Savaria Telecab | Savaria Stairlift<\/title>\n<meta name=\"description\" content=\"D\u00e9couvrez la plate-forme \u00e9l\u00e9vatrice Savaria Telecab, une alternative compacte \u00e0 un ascenseur r\u00e9sidentiel avec deux \u00e9tages via un syst\u00e8me traversant le sol.\" \/>\n<meta name=\"robots\" content=\"index, follow, max-snippet:-1, max-image-preview:large, max-video-preview:-1\" \/>\n<link rel=\"canonical\" href=\"https:\/\/savariastairlift.com\/fr\/product\/savaria-telecab-through-floor-lifts\/\" \/>\n<meta property=\"og:locale\" content=\"fr_FR\" \/>\n<meta property=\"og:type\" content=\"article\" \/>\n<meta property=\"og:title\" content=\"Plate-forme \u00e9l\u00e9vatrice passant \u00e0 travers le plancher Telecab Savaria\" \/>\n<meta property=\"og:description\" content=\"D\u00e9couvrez la plate-forme \u00e9l\u00e9vatrice Savaria Telecab, une alternative compacte \u00e0 un ascenseur r\u00e9sidentiel avec deux \u00e9tages via un syst\u00e8me traversant le sol.\" \/>\n<meta property=\"og:url\" content=\"https:\/\/savariastairlift.com\/fr\/product\/savaria-telecab-through-floor-lifts\/\" \/>\n<meta property=\"og:site_name\" content=\"Savaria Stairlift\" \/>\n<meta property=\"article:modified_time\" content=\"2025-01-15T14:36:35+00:00\" \/>\n<meta property=\"og:image\" content=\"https:\/\/savariastairlift.com\/wp-content\/uploads\/2023\/10\/Telecab-17-8.jpg\" \/>\n\t<meta property=\"og:image:width\" content=\"600\" \/>\n\t<meta property=\"og:image:height\" content=\"800\" \/>\n\t<meta property=\"og:image:type\" content=\"image\/jpeg\" \/>\n<meta name=\"twitter:card\" content=\"summary_large_image\" \/>\n<meta name=\"twitter:label1\" content=\"Dur\u00e9e de lecture estim\u00e9e\" \/>\n\t<meta name=\"twitter:data1\" content=\"3 minutes\" \/>\n<script type=\"application\/ld+json\" class=\"yoast-schema-graph\">{\"@context\":\"https:\\\/\\\/schema.org\",\"@graph\":[{\"@type\":\"WebPage\",\"@id\":\"https:\\\/\\\/savariastairlift.com\\\/fr\\\/product\\\/savaria-telecab-through-floor-lifts\\\/\",\"url\":\"https:\\\/\\\/savariastairlift.com\\\/fr\\\/product\\\/savaria-telecab-through-floor-lifts\\\/\",\"name\":\"Plate-forme \u00e9l\u00e9vatrice \u00e0 travers le plancher Savaria Telecab | Savaria Stairlift\",\"isPartOf\":{\"@id\":\"https:\\\/\\\/savariastairlift.com\\\/fr\\\/#website\"},\"primaryImageOfPage\":{\"@id\":\"https:\\\/\\\/savariastairlift.com\\\/fr\\\/product\\\/savaria-telecab-through-floor-lifts\\\/#primaryimage\"},\"image\":{\"@id\":\"https:\\\/\\\/savariastairlift.com\\\/fr\\\/product\\\/savaria-telecab-through-floor-lifts\\\/#primaryimage\"},\"thumbnailUrl\":\"https:\\\/\\\/savariastairlift.com\\\/wp-content\\\/uploads\\\/2023\\\/10\\\/Telecab-17-8.jpg\",\"datePublished\":\"2023-08-16T19:53:30+00:00\",\"dateModified\":\"2025-01-15T14:36:35+00:00\",\"description\":\"D\u00e9couvrez la plate-forme \u00e9l\u00e9vatrice Savaria Telecab, une alternative compacte \u00e0 un ascenseur r\u00e9sidentiel avec deux \u00e9tages via un syst\u00e8me traversant le sol.\",\"breadcrumb\":{\"@id\":\"https:\\\/\\\/savariastairlift.com\\\/fr\\\/product\\\/savaria-telecab-through-floor-lifts\\\/#breadcrumb\"},\"inLanguage\":\"fr-FR\",\"potentialAction\":[{\"@type\":\"ReadAction\",\"target\":[\"https:\\\/\\\/savariastairlift.com\\\/fr\\\/product\\\/savaria-telecab-through-floor-lifts\\\/\"]}]},{\"@type\":\"ImageObject\",\"inLanguage\":\"fr-FR\",\"@id\":\"https:\\\/\\\/savariastairlift.com\\\/fr\\\/product\\\/savaria-telecab-through-floor-lifts\\\/#primaryimage\",\"url\":\"https:\\\/\\\/savariastairlift.com\\\/wp-content\\\/uploads\\\/2023\\\/10\\\/Telecab-17-8.jpg\",\"contentUrl\":\"https:\\\/\\\/savariastairlift.com\\\/wp-content\\\/uploads\\\/2023\\\/10\\\/Telecab-17-8.jpg\",\"width\":600,\"height\":800},{\"@type\":\"BreadcrumbList\",\"@id\":\"https:\\\/\\\/savariastairlift.com\\\/fr\\\/product\\\/savaria-telecab-through-floor-lifts\\\/#breadcrumb\",\"itemListElement\":[{\"@type\":\"ListItem\",\"position\":1,\"name\":\"Home\",\"item\":\"https:\\\/\\\/savariastairlift.com\\\/fr\\\/\"},{\"@type\":\"ListItem\",\"position\":2,\"name\":\"Produits\",\"item\":\"https:\\\/\\\/savariastairlift.com\\\/fr\\\/shop\\\/\"},{\"@type\":\"ListItem\",\"position\":3,\"name\":\"Plate-forme \u00e9l\u00e9vatrice passant \u00e0 travers le plancher Telecab Savaria\"}]},{\"@type\":\"WebSite\",\"@id\":\"https:\\\/\\\/savariastairlift.com\\\/fr\\\/#website\",\"url\":\"https:\\\/\\\/savariastairlift.com\\\/fr\\\/\",\"name\":\"Savaria Stairlift\",\"description\":\"Savaria Home Access\",\"publisher\":{\"@id\":\"https:\\\/\\\/savariastairlift.com\\\/fr\\\/#organization\"},\"potentialAction\":[{\"@type\":\"SearchAction\",\"target\":{\"@type\":\"EntryPoint\",\"urlTemplate\":\"https:\\\/\\\/savariastairlift.com\\\/fr\\\/?s={search_term_string}\"},\"query-input\":{\"@type\":\"PropertyValueSpecification\",\"valueRequired\":true,\"valueName\":\"search_term_string\"}}],\"inLanguage\":\"fr-FR\"},{\"@type\":\"Organization\",\"@id\":\"https:\\\/\\\/savariastairlift.com\\\/fr\\\/#organization\",\"name\":\"Savaria Stairlift\",\"url\":\"https:\\\/\\\/savariastairlift.com\\\/fr\\\/\",\"logo\":{\"@type\":\"ImageObject\",\"inLanguage\":\"fr-FR\",\"@id\":\"https:\\\/\\\/savariastairlift.com\\\/fr\\\/#\\\/schema\\\/logo\\\/image\\\/\",\"url\":\"https:\\\/\\\/savariastairlift.com\\\/wp-content\\\/uploads\\\/2023\\\/06\\\/Savaria-Logo-Green.svg\",\"contentUrl\":\"https:\\\/\\\/savariastairlift.com\\\/wp-content\\\/uploads\\\/2023\\\/06\\\/Savaria-Logo-Green.svg\",\"width\":400,\"height\":76,\"caption\":\"Savaria Stairlift\"},\"image\":{\"@id\":\"https:\\\/\\\/savariastairlift.com\\\/fr\\\/#\\\/schema\\\/logo\\\/image\\\/\"}}]}<\/script>\n<!-- \/ Yoast SEO Premium plugin. -->","yoast_head_json":{"title":"Plate-forme \u00e9l\u00e9vatrice \u00e0 travers le plancher Savaria Telecab | Savaria Stairlift","description":"D\u00e9couvrez la plate-forme \u00e9l\u00e9vatrice Savaria Telecab, une alternative compacte \u00e0 un ascenseur r\u00e9sidentiel avec deux \u00e9tages via un syst\u00e8me traversant le sol.","robots":{"index":"index","follow":"follow","max-snippet":"max-snippet:-1","max-image-preview":"max-image-preview:large","max-video-preview":"max-video-preview:-1"},"canonical":"https:\/\/savariastairlift.com\/fr\/product\/savaria-telecab-through-floor-lifts\/","og_locale":"fr_FR","og_type":"article","og_title":"Plate-forme \u00e9l\u00e9vatrice passant \u00e0 travers le plancher Telecab Savaria","og_description":"D\u00e9couvrez la plate-forme \u00e9l\u00e9vatrice Savaria Telecab, une alternative compacte \u00e0 un ascenseur r\u00e9sidentiel avec deux \u00e9tages via un syst\u00e8me traversant le sol.","og_url":"https:\/\/savariastairlift.com\/fr\/product\/savaria-telecab-through-floor-lifts\/","og_site_name":"Savaria Stairlift","article_modified_time":"2025-01-15T14:36:35+00:00","og_image":[{"width":600,"height":800,"url":"https:\/\/savariastairlift.com\/wp-content\/uploads\/2023\/10\/Telecab-17-8.jpg","type":"image\/jpeg"}],"twitter_card":"summary_large_image","twitter_misc":{"Dur\u00e9e de lecture estim\u00e9e":"3 minutes"},"schema":{"@context":"https:\/\/schema.org","@graph":[{"@type":"WebPage","@id":"https:\/\/savariastairlift.com\/fr\/product\/savaria-telecab-through-floor-lifts\/","url":"https:\/\/savariastairlift.com\/fr\/product\/savaria-telecab-through-floor-lifts\/","name":"Plate-forme \u00e9l\u00e9vatrice \u00e0 travers le plancher Savaria Telecab | Savaria Stairlift","isPartOf":{"@id":"https:\/\/savariastairlift.com\/fr\/#website"},"primaryImageOfPage":{"@id":"https:\/\/savariastairlift.com\/fr\/product\/savaria-telecab-through-floor-lifts\/#primaryimage"},"image":{"@id":"https:\/\/savariastairlift.com\/fr\/product\/savaria-telecab-through-floor-lifts\/#primaryimage"},"thumbnailUrl":"https:\/\/savariastairlift.com\/wp-content\/uploads\/2023\/10\/Telecab-17-8.jpg","datePublished":"2023-08-16T19:53:30+00:00","dateModified":"2025-01-15T14:36:35+00:00","description":"D\u00e9couvrez la plate-forme \u00e9l\u00e9vatrice Savaria Telecab, une alternative compacte \u00e0 un ascenseur r\u00e9sidentiel avec deux \u00e9tages via un syst\u00e8me traversant le sol.","breadcrumb":{"@id":"https:\/\/savariastairlift.com\/fr\/product\/savaria-telecab-through-floor-lifts\/#breadcrumb"},"inLanguage":"fr-FR","potentialAction":[{"@type":"ReadAction","target":["https:\/\/savariastairlift.com\/fr\/product\/savaria-telecab-through-floor-lifts\/"]}]},{"@type":"ImageObject","inLanguage":"fr-FR","@id":"https:\/\/savariastairlift.com\/fr\/product\/savaria-telecab-through-floor-lifts\/#primaryimage","url":"https:\/\/savariastairlift.com\/wp-content\/uploads\/2023\/10\/Telecab-17-8.jpg","contentUrl":"https:\/\/savariastairlift.com\/wp-content\/uploads\/2023\/10\/Telecab-17-8.jpg","width":600,"height":800},{"@type":"BreadcrumbList","@id":"https:\/\/savariastairlift.com\/fr\/product\/savaria-telecab-through-floor-lifts\/#breadcrumb","itemListElement":[{"@type":"ListItem","position":1,"name":"Home","item":"https:\/\/savariastairlift.com\/fr\/"},{"@type":"ListItem","position":2,"name":"Produits","item":"https:\/\/savariastairlift.com\/fr\/shop\/"},{"@type":"ListItem","position":3,"name":"Plate-forme \u00e9l\u00e9vatrice passant \u00e0 travers le plancher Telecab Savaria"}]},{"@type":"WebSite","@id":"https:\/\/savariastairlift.com\/fr\/#website","url":"https:\/\/savariastairlift.com\/fr\/","name":"Savaria Stairlift","description":"Savaria Home Access","publisher":{"@id":"https:\/\/savariastairlift.com\/fr\/#organization"},"potentialAction":[{"@type":"SearchAction","target":{"@type":"EntryPoint","urlTemplate":"https:\/\/savariastairlift.com\/fr\/?s={search_term_string}"},"query-input":{"@type":"PropertyValueSpecification","valueRequired":true,"valueName":"search_term_string"}}],"inLanguage":"fr-FR"},{"@type":"Organization","@id":"https:\/\/savariastairlift.com\/fr\/#organization","name":"Savaria Stairlift","url":"https:\/\/savariastairlift.com\/fr\/","logo":{"@type":"ImageObject","inLanguage":"fr-FR","@id":"https:\/\/savariastairlift.com\/fr\/#\/schema\/logo\/image\/","url":"https:\/\/savariastairlift.com\/wp-content\/uploads\/2023\/06\/Savaria-Logo-Green.svg","contentUrl":"https:\/\/savariastairlift.com\/wp-content\/uploads\/2023\/06\/Savaria-Logo-Green.svg","width":400,"height":76,"caption":"Savaria Stairlift"},"image":{"@id":"https:\/\/savariastairlift.com\/fr\/#\/schema\/logo\/image\/"}}]}},"_links":{"self":[{"href":"https:\/\/savariastairlift.com\/fr\/wp-json\/wp\/v2\/product\/3012","targetHints":{"allow":["GET"]}}],"collection":[{"href":"https:\/\/savariastairlift.com\/fr\/wp-json\/wp\/v2\/product"}],"about":[{"href":"https:\/\/savariastairlift.com\/fr\/wp-json\/wp\/v2\/types\/product"}],"version-history":[{"count":0,"href":"https:\/\/savariastairlift.com\/fr\/wp-json\/wp\/v2\/product\/3012\/revisions"}],"wp:featuredmedia":[{"embeddable":true,"href":"https:\/\/savariastairlift.com\/fr\/wp-json\/wp\/v2\/media\/2746"}],"wp:attachment":[{"href":"https:\/\/savariastairlift.com\/fr\/wp-json\/wp\/v2\/media?parent=3012"}],"wp:term":[{"taxonomy":"product_brand","embeddable":true,"href":"https:\/\/savariastairlift.com\/fr\/wp-json\/wp\/v2\/product_brand?post=3012"},{"taxonomy":"product_cat","embeddable":true,"href":"https:\/\/savariastairlift.com\/fr\/wp-json\/wp\/v2\/product_cat?post=3012"},{"taxonomy":"product_tag","embeddable":true,"href":"https:\/\/savariastairlift.com\/fr\/wp-json\/wp\/v2\/product_tag?post=3012"}],"curies":[{"name":"wp","href":"https:\/\/api.w.org\/{rel}","templated":true}]}}